{"id":265,"date":"2018-06-04T19:03:52","date_gmt":"2018-06-04T17:03:52","guid":{"rendered":"http:\/\/conference-eutic.org\/?page_id=265"},"modified":"2020-02-12T14:32:25","modified_gmt":"2020-02-12T13:32:25","slug":"hotels","status":"publish","type":"page","link":"http:\/\/conference-eutic.org\/en\/hotels\/","title":{"rendered":"H\u00f4tels 2018"},"content":{"rendered":"<p>Pour se rendre de l\u2019a\u00e9roport de Bordeaux-M\u00e9rignac \u00e0 la gare de Bordeaux Saint-Jean ou au centre-ville, utiliser les transports suivants\u00a0:<\/p>\n<ul>\n<li>Navette A\u00e9roport toute les heures (1\/2 heures de trajets)\u00a0;<br \/>\ntarif <strong>1 voyage\u00a0: <\/strong>8\u20ac<\/li>\n<li><strong>Bus Ligne 1+\u00a0: toutes les 10 minutes (une heure de trajet)\u00a0;<br \/>\n<\/strong><strong>tarif 1 voyage\u00a0: 1\u20ac50<\/strong><\/li>\n<\/ul>\n<h1><strong>HOTELS SELECTIONNES<\/strong><\/h1>\n<ul>\n<li><strong>Centre de ville de Bordeaux<\/strong><\/li>\n<\/ul>\n<h3>Cat\u00e9gorie 3 \u00e9toiles<\/h3>\n<h2><strong><em>H\u00f4tel Continental<\/em><\/strong> (centre-ville)<\/h2>\n<p>\u00e0 partir de 121 \u20ac<strong>\/<\/strong>nuit \u2013 Tarif indicatif pour 1 chambre pour 2 personnes<\/p>\n<p>10 rue Montesquieu, 33000 BORDEAUX<\/p>\n<p>T\u00e9l.\u00a0: <strong>05 56 52 66 00<\/strong><\/p>\n<p>Fax\u00a0: <strong>05 56 52 77 9<\/strong><\/p>\n<p><strong>Sites et r\u00e9seaux sociaux<\/strong><\/p>\n<ul>\n<li><a href=\"http:\/\/www.happyculture.com\">www.happyculture.com<\/a><\/li>\n<li><a href=\"http:\/\/www.facebook.com\/hotel.continental.bordeaux\">www.facebook.com\/hotel.continental.bordeaux<\/a><\/li>\n<\/ul>\n<p>Pour se rendre \u00e0 la MSHA\u00a0: rejoindre la Place des Quinconces prendre ligne B (direction Pessac) arr\u00eat Montaigne-Montesquieu.<\/p>\n<h2><strong><em>H\u00f4tel des quatre s\u0153urs<\/em><\/strong> (centre-ville)<\/h2>\n<p>\u00e0 partir de 100 \u20ac\/nuit &#8211; Tarif indicatif pour 1 chambre pour 2 personnes<\/p>\n<p>6 cours du 30 Juillet, 33000 BORDEAUX<\/p>\n<p>T\u00e9l.\u00a0: <strong>05 57 81 19 20<\/strong><\/p>\n<p>Fax\u00a0: <strong>05 56 01 04 28<\/strong><\/p>\n<p><strong>Site\u00a0: <\/strong><a href=\"http:\/\/www.hotel-bordeaux-4soeurs.com\">www.hotel-bordeaux-4soeurs.com<\/a><\/p>\n<p>Pour se rendre \u00e0 la MSHA\u00a0: rejoindre la Place des Quinconces, prendre la ligne B (direction Pessac) arr\u00eat Montaigne-Montesquieu.<\/p>\n<h2><strong><em>H\u00f4tel La Cour Carr\u00e9e<\/em><\/strong><\/h2>\n<p>\u00e0 partir de 95 \u20ac\/nuit &#8211; Tarif indicatif pour 1 chambre pour 2 personnes<\/p>\n<p>5 rue de Lurbe, 33000 BORDEAUX<\/p>\n<p>T\u00e9l.\u00a0: <strong>05 57 35 00 00<\/strong><\/p>\n<h3>Sites : <a href=\"https:\/\/lacourcarree.com\/fr\/\">www.lacourcarree.fr<\/a><\/h3>\n<p>Pour se rendre \u00e0 la MSHA\u00a0: rejoindre la Place des Quinconces, prendre la ligne B (direction Pessac) arr\u00eat Montaigne-Montesquieu.<\/p>\n<h3>Cat\u00e9gorie 2 \u00e9toiles<\/h3>\n<h2><strong><em>H\u00f4tel de France<\/em><\/strong><\/h2>\n<p>\u00e0 partir de 77 \u20ac\/nuit &#8211; Tarif indicatif pour 1 chambre pour 2 personnes<\/p>\n<p>7 rue Franklin, 33000 BORDEAUX<\/p>\n<p>T\u00e9l.\u00a0: <strong>05 56 48 24 11<\/strong><\/p>\n<p>Fax\u00a0: <strong>05 56 48 78 30<\/strong><\/p>\n<p><strong>Site\u00a0: <\/strong><a href=\"http:\/\/www.hotel-france-bordeaux.fr\">www.hotel-france-bordeaux.fr<\/a><\/p>\n<p>Pour se rendre \u00e0 la MSHA\u00a0: rejoindre la Place des Quinconces, prendre la ligne B (direction Pessac) arr\u00eat Montaigne-Montesquieu.<\/p>\n<h2><strong><em>H\u00f4tel de l&#8217;Op\u00e9ra<\/em><\/strong><\/h2>\n<p>\u00e0 partir de 56 \u20ac\/nuit &#8211; Tarif indicatif pour 1 chambre pour 2 personnes<\/p>\n<p>35 rue Esprit des Lois, 33000 BORDEAUX<\/p>\n<p>T\u00e9l.\u00a0: <strong>05 56 81 41 27<\/strong><\/p>\n<p>Fax\u00a0: <strong>05 56 51 78 8<\/strong><\/p>\n<p><strong>Site\u00a0<\/strong>: <a href=\"http:\/\/hotel-bordeaux-centre.com\/\">www.hotel-bordeaux-centre.com<\/a><\/p>\n<p>Pour se rendre \u00e0 la MSHA\u00a0: rejoindre la Place des Quinconces, prendre la ligne B (direction Pessac) arr\u00eat Montaigne-Montesquieu.<\/p>\n<h2><strong><em>H\u00f4tel Gambetta <\/em><\/strong><\/h2>\n<p>\u00e0 partir de 47 \u20ac\/nuit<\/p>\n<p>6 rue Porte Dijeaux, 33000 BORDEAUX<\/p>\n<p>T\u00e9l.\u00a0: <strong>05 56 51 21 83<\/strong><\/p>\n<p><strong>Sites et r\u00e9seaux sociaux<\/strong><\/p>\n<ul>\n<li><a href=\"http:\/\/www.hotel-gambetta.com\">www.hotel-gambetta.com<\/a><\/li>\n<li><a href=\"http:\/\/www.facebook.com\/pages\/Hotel-Gambetta\/113535188711831\">www.facebook.com\/pages\/Hotel-Gambetta\/113535188711831<\/a><\/li>\n<\/ul>\n<p>Pour se rendre \u00e0 la MSHA\u00a0: rejoindre la Place des Quinconces, prendre la ligne B (direction Pessac) arr\u00eat Montaigne-Montesquieu.<\/p>\n<h2><strong><em>H\u00f4tel La porte Dijeaux<\/em><\/strong><\/h2>\n<p>\u00c0 partir de 69 \u20ac\/nuit<\/p>\n<p>14 Ter place Gambetta et 24 rue Bouffard, 33000 BORDEAUX<\/p>\n<p>T\u00e9l.\u00a0: <strong>05 56 81 85 01<\/strong><\/p>\n<p>T\u00e9l.\u00a0: <strong>09 62 06 00 45<\/strong><\/p>\n<p>Fax\u00a0: <strong>05 56 51 24 06<\/strong><\/p>\n<p><strong>Site\u00a0: <\/strong><a href=\"http:\/\/www.hotel-porte-dijeaux.com\"><u>http:\/\/www.hotel-porte-dijeaux.com<\/u><\/a><\/p>\n<p>Pour se rendre \u00e0 la MSHA\u00a0: rejoindre la Place des Quinconces, prendre la ligne B (direction Pessac) arr\u00eat Montaigne-Montesquieu.<\/p>\n<h2><strong><em>H\u00f4tel Acanthe<\/em><\/strong><\/h2>\n<p>\u00e0 partir de 68 \u20ac\/nuit<\/p>\n<p>12 rue Saint R\u00e9mi, 33000 BORDEAUX<\/p>\n<p>T\u00e9l.\u00a0: <strong>05 56 81 66 58<\/strong><\/p>\n<p>Fax\u00a0:<strong> 05 56 44 74 41<\/strong><\/p>\n<p><strong>Site\u00a0: <\/strong><a href=\"http:\/\/www.acanthe-hotel-bordeaux.com\">www.acanthe-hotel-bordeaux.com<\/a><\/p>\n<p>Pour se rendre \u00e0 la MSHA\u00a0: rejoindre la Place des Quinconces, prendre la ligne B (direction Pessac) arr\u00eat Montaigne-Montesquieu.<\/p>\n<h2><strong><em>H\u00f4tel <\/em><\/strong><em>d<strong>u Th\u00e9\u00e2tre<\/strong><\/em><\/h2>\n<p>\u00e0 partir de 72 \u20ac\/nuit<\/p>\n<p>10 rue Maison Daurade, 33000 BORDEAUX<\/p>\n<p>T\u00e9l.\u00a0:\u00a0<strong>05 56 79 05 26<\/strong><\/p>\n<p>T\u00e9l.\u00a0:\u00a0<strong>05 56 30 58 28<\/strong><\/p>\n<p>Fax\u00a0:\u00a0<strong>05 56 81 15 64<\/strong><\/p>\n<p>9 cours du Chapeau Rouge, 33000 BORDEAUX<\/p>\n<p><strong>Site\u00a0: <\/strong><a href=\"http:\/\/wwww.hotel-du-theatre.com\/\"><u>http:\/\/wwww.hotel-du-theatre.com\/<\/u><\/a><\/p>\n<p>Pour se rendre \u00e0 la MSHA\u00a0: rejoindre la Place des Quinconces, prendre la ligne B (direction Pessac) arr\u00eat Montaigne-Montesquieu.<\/p>\n<ul>\n<li><strong>Gare Saint-Jean<\/strong><\/li>\n<\/ul>\n<h3><\/h3>\n<h3>Cat\u00e9gorie 3 \u00e9toiles<\/h3>\n<h2><\/h2>\n<h2><em>H\u00f4tel Ibis Euratlantique<\/em><\/h2>\n<p>\u00e0 partir de 58 \u20ac\/nuit<\/p>\n<p>28 rue Charles Domercq, 33800 BORDEAUX<\/p>\n<p>T\u00e9l.\u00a0: <strong>05 56 91 54 52<\/strong><\/p>\n<p>Fax\u00a0: <strong>05 56 92 93 83<\/strong><\/p>\n<p><strong>Site\u00a0<\/strong><strong>: <\/strong><a href=\"http:\/\/www.ibis.com\/fr\/hotel-A547-ibis-bordeaux-centre-gare-saint-jean-euratlantique\/index.shtml\"><u>http:\/\/www.ibis.com\/fr\/hotel-A547-ibis-bordeaux-centre-gare-saint-jean-euratlantique\/index.shtml<\/u><\/a><\/p>\n<p>Pour se rendre \u00e0 la MSHA\u00a0: rejoindre la Place des Quinconces en prenant la ligne C \u00e0 la Gare Saint-Jean, puis \u00e0 la Place des Quinconces prendre la ligne B (direction Pessac) arr\u00eat Montaigne-Montesquieu.<\/p>\n<p><strong>Cat\u00e9gorie <\/strong><strong>2 \u00e9toiles<\/strong><\/p>\n<h2><em>H\u00f4tel Regina <\/em><\/h2>\n<p>\u00e0 partir de 70\u20ac\/nuit<\/p>\n<p>34 rue Charles Domercq, 33800 BORDEAUX<\/p>\n<p>T\u00e9l.\u00a0: <strong>05 56 91 32 88<\/strong><\/p>\n<p><strong>Site\u00a0: <\/strong><a href=\"http:\/\/www.hotelreginabordeaux.com\">www.hotelreginabordeaux.com<\/a><\/p>\n<p>Pour se rendre \u00e0 la MSHA\u00a0: rejoindre la Place des Quinconces en prenant la ligne C \u00e0 la Gare Saint-Jean, puis \u00e0 la Place des Quinconces prendre la ligne B (direction Pessac) arr\u00eat Montaigne-Montesquieu.<\/p>\n<ul>\n<li><strong>Gradignan<\/strong><\/li>\n<\/ul>\n<h3><\/h3>\n<h3>Cat\u00e9gorie 3 \u00e9toiles<\/h3>\n<h2><\/h2>\n<h2><em>Le c<\/em><em>halet Lyrique<\/em><\/h2>\n<p>\u00e0 partir de 84 \u20ac\/nuit en semaine \/ 67\u20ac le week-end <strong>\u2013<\/strong> Tarif indicatif 1 chambre pour 2 personnes<\/p>\n<p>69 cours G\u00e9n\u00e9ral de Gaulle, 33170 GRADIGNAN<\/p>\n<p>T\u00e9l.\u00a0: <strong>05 56 89 11 59<\/strong><\/p>\n<p>Fax\u00a0: <strong>05 56 89 53 37<\/strong><\/p>\n<p><strong>Mail\u00a0: <\/strong>info@chalet-lyrique.fr<\/p>\n<p><strong>Site\u00a0: <\/strong><u>www.chalet-lyrique.fr<\/u><\/p>\n<p>Pour se rendre \u00e0 la MSHA\u00a0: prendre le bus ligne 10 (direction Bouliac Centre commercial) \u00e0 Gradignan &#8211; arr\u00eat Eglise de Gradignan vers Talence &#8211; arr\u00eat Peixotto puis rejoindre l\u2019arr\u00eat Peixotto du Tram et prendre la ligne B (direction Pessac) arr\u00eat Montaigne-Montesquieu.<\/p>\n<p><strong>Cat\u00e9gorie <\/strong><strong>2 \u00e9toiles<\/strong><\/p>\n<h2><em>H\u00f4tel Arena<\/em><\/h2>\n<p>\u00e0 partir de 48 \u20ac\/nuit<\/p>\n<p>7 all. Demoiselles, 33170 GRADIGNAN<\/p>\n<p>T\u00e9l.\u00a0: <strong>05 57 83 07<\/strong> 07<\/p>\n<p><strong>Site\u00a0: <\/strong><a href=\"http:\/\/www.hotel-arena-bordeaux.com\">www.hotel-arena-bordeaux.com<\/a><\/p>\n<p>Pour se rendre \u00e0 la MSHA\u00a0: rejoindre \u00e0 pied (15 mm) l\u2019arr\u00eat Ecole de Management de la ligne 10 (direction Bouliac Centre commercial) vers Talence &#8211; arr\u00eat Peixotto puis rejoindre l\u2019arr\u00eat Peixotto du Tram et prendre la ligne B (direction Pessac) arr\u00eat Montaigne-Montesquieu.<\/p>\n<p><strong>\u00a0<\/strong><\/p>\n<ul>\n<li><strong>Talence<\/strong><\/li>\n<\/ul>\n<h3><\/h3>\n<h3>Cat\u00e9gorie 3 \u00e9toiles<\/h3>\n<h3><\/h3>\n<h2><em>H\u00f4tel Restaurant La R\u00e9serve au Pavillon du Ch\u00e2teau Raba<\/em><\/h2>\n<p>A partir de156 \u20ac\/nuit<strong>&#8211; <\/strong>Tarif indicatif pour 1 chambre pour 2 personnes<\/p>\n<p>35 rue R\u00e9mi Belleau, 33400 TALENCE<\/p>\n<p>T\u00e9l\u00a0:\u00a005 57 26 58 28<\/p>\n<p>Pour se rendre \u00e0 la MSHA\u00a0: rejoindre \u00e0 pied (3 mn) l\u2019arr\u00eat Ecole deManagement de la ligne 10 (direction Bouliac Centre commercial) vers Talence &#8211; arr\u00eat Peixotto puis rejoindre l\u2019arr\u00eat Peixotto du Tram et prendre la ligne B (direction Pessac) arr\u00eat Montaigne-Montesquieu.<\/p>\n<h2><strong><em>H\u00f4tel Restaurant Campanile Bordeaux Sud<\/em><\/strong> (Gradignan\u2013Talence)<\/h2>\n<p>\u00e0 partir de 52 \u20ac\/nuit <strong>&#8211;<\/strong> Tarif indicatif pour 1 chambre pour 2 personnes<\/p>\n<p>Rocade Sortie 16 &#8211; all. Demoiselles, 33170 GRADIGNAN<\/p>\n<p>T\u00e9l\u00a0: <strong>05 56 80 63 33<\/strong><\/p>\n<p>T\u00e9l\u00a0:<strong>05 56 80 63 33<\/strong><\/p>\n<p>Fax\u00a0:<strong>05 56 84 97<\/strong> <strong>57<\/strong><\/p>\n<p><strong>Site\u00a0: <\/strong><a href=\"http:\/\/www.campanile.com\">www.campanile.com<\/a><\/p>\n<p>Pour se rendre \u00e0 la MSHA\u00a0: rejoindre \u00e0 pied (10 mn) l\u2019arr\u00eat Ecole de Commerce de la ligne 10 (direction Bouliac Centre commercial) vers Talence &#8211; arr\u00eat Peixotto puis rejoindre l\u2019arr\u00eat Peixotto du Tram et prendre la ligne B (direction Pessac) arr\u00eat Montaigne-Montesquieu.<\/p>\n<h3><\/h3>\n<h3>Autre cat\u00e9gorie<\/h3>\n<h2><em>Amal<\/em><\/h2>\n<p>\u00e0 partir de70 \u20ac\/nuit<strong> &#8211;<\/strong> Tarif indicatif pour 1 chambre pour 2 personnes<\/p>\n<p>690 cours Lib\u00e9ration, 33400 TALENCE<\/p>\n<p>T\u00e9l\u00a0: <strong>05 35 40 94<\/strong> 40<\/p>\n<p>Pour se rendre \u00e0 la MSHA\u00a0: rejoindre \u00e0 pied (3 mn) l\u2019arr\u00eat Ecole de Commerce de la ligne 10 (direction Bouliac Centre commercial) vers Talence &#8211; arr\u00eat Peixotto puis rejoindre l\u2019arr\u00eat Peixotto du Tram et prendre la ligne B (direction Pessac) arr\u00eat Montaigne-Montesquieu.<\/p>\n","protected":false},"excerpt":{"rendered":"<p>Pour se rendre de l\u2019a\u00e9roport de Bordeaux-M\u00e9rignac \u00e0 la gare de Bordeaux Saint-Jean ou au centre-ville, utiliser les transports suivants\u00a0: Navette A\u00e9roport toute les heures (1\/2 heures de trajets)\u00a0; tarif 1 voyage\u00a0: 8\u20ac Bus Ligne 1+\u00a0: toutes les 10 minutes &hellip; <a href=\"http:\/\/conference-eutic.org\/en\/hotels\/\">Continue reading <span class=\"meta-nav\">&rarr;<\/span><\/a><\/p>\n","protected":false},"author":1,"featured_media":0,"parent":0,"menu_order":0,"comment_status":"closed","ping_status":"closed","template":"","meta":[],"translation":{"provider":"WPGlobus","version":"2.8.11","language":"en","enabled_languages":["fr","en"],"languages":{"fr":{"title":true,"content":true,"excerpt":false},"en":{"title":false,"content":false,"excerpt":false}}},"_links":{"self":[{"href":"http:\/\/conference-eutic.org\/en\/wp-json\/wp\/v2\/pages\/265"}],"collection":[{"href":"http:\/\/conference-eutic.org\/en\/wp-json\/wp\/v2\/pages"}],"about":[{"href":"http:\/\/conference-eutic.org\/en\/wp-json\/wp\/v2\/types\/page"}],"author":[{"embeddable":true,"href":"http:\/\/conference-eutic.org\/en\/wp-json\/wp\/v2\/users\/1"}],"replies":[{"embeddable":true,"href":"http:\/\/conference-eutic.org\/en\/wp-json\/wp\/v2\/comments?post=265"}],"version-history":[{"count":7,"href":"http:\/\/conference-eutic.org\/en\/wp-json\/wp\/v2\/pages\/265\/revisions"}],"predecessor-version":[{"id":507,"href":"http:\/\/conference-eutic.org\/en\/wp-json\/wp\/v2\/pages\/265\/revisions\/507"}],"wp:attachment":[{"href":"http:\/\/conference-eutic.org\/en\/wp-json\/wp\/v2\/media?parent=265"}],"curies":[{"name":"wp","href":"https:\/\/api.w.org\/{rel}","templated":true}]}}