{"id":416,"date":"2019-08-30T11:34:10","date_gmt":"2019-08-30T09:34:10","guid":{"rendered":"http:\/\/conference-eutic.org\/?page_id=416"},"modified":"2020-02-12T14:34:46","modified_gmt":"2020-02-12T13:34:46","slug":"hotels-2019","status":"publish","type":"page","link":"http:\/\/conference-eutic.org\/en\/hotels-2019\/","title":{"rendered":"Practical information"},"content":{"rendered":"<p>EUTIC 2019 aura lieu \u00e0 l&#8217;ENO de Mermoz \u00e0 Dakar<\/p>\n<ul>\n<li><a href=\"https:\/\/www.uvs.sn\/eno-de-luvs\/presentation-eno\/\">pr\u00e9sentation de l&#8217;ENO<\/a><\/li>\n<li><a href=\"https:\/\/goo.gl\/maps\/Q4uhapyRG73PBBEz9\">localisation du colloque<\/a><\/li>\n<\/ul>\n<p><iframe loading=\"lazy\" style=\"border: 0;\" src=\"https:\/\/www.google.com\/maps\/embed?pb=!1m18!1m12!1m3!1d61737.403973732864!2d-17.46522413025308!3d14.735884304341168!2m3!1f0!2f0!3f0!3m2!1i1024!2i768!4f13.1!3m3!1m2!1s0xec1734b290e081f%3A0x77b45361eb5a5f3e!2sENO%20de%20Dakar%20Mermoz!5e0!3m2!1sfr!2sci!4v1567551923605!5m2!1sfr!2sci\" width=\"600\" height=\"450\" frameborder=\"0\" allowfullscreen=\"allowfullscreen\"><\/iframe><\/p>\n<p><strong>Liste d&#8217;h\u00f4tels conseill\u00e9s<\/strong><\/p>\n<h2><a href=\"https:\/\/fr.hotels.com\/ho532113\/?q-check-out=2019-08-31&#038;FPQ=2&#038;q-check-in=2019-08-30&#038;WOE=6&#038;WOD=5&#038;q-room-0-children=0&#038;pa=6&#038;tab=description&#038;JHR=1&#038;q-room-0-adults=2&#038;YGF=2&#038;MGT=1&#038;ZSX=0&#038;SYE=3\">H\u00f4tel Le Djoloff<\/a><\/h2>\n<p><a href=\"https:\/\/fr.hotels.com\/ho532113\/?q-check-out=2019-08-31&#038;FPQ=2&#038;q-check-in=2019-08-30&#038;WOE=6&#038;WOD=5&#038;q-room-0-children=0&#038;pa=6&#038;tab=maps&#038;JHR=1&#038;q-room-0-adults=2&#038;YGF=2&#038;MGT=1&#038;ZSX=0&#038;SYE=3\">7 rue Nani, Fann Hock, Dakar, S\u00e9n\u00e9gal<\/a><\/p>\n<ul>\n<li>Centre-ville \u00e0 4,6 km<\/li>\n<li>Medina \u00e0 8,3 km<\/li>\n<\/ul>\n<h2><a href=\"https:\/\/fr.hotels.com\/ho744253888\/?q-check-out=2019-08-31&#038;FPQ=3&#038;q-check-in=2019-08-30&#038;WOE=6&#038;WOD=5&#038;q-room-0-children=0&#038;pa=38&#038;tab=description&#038;JHR=2&#038;q-room-0-adults=2&#038;YGF=2&#038;MGT=1&#038;ZSX=0&#038;SYE=3\">Hotel La Madrague<\/a><\/h2>\n<p><a href=\"https:\/\/fr.hotels.com\/ho744253888\/?q-check-out=2019-08-31&#038;FPQ=3&#038;q-check-in=2019-08-30&#038;WOE=6&#038;WOD=5&#038;q-room-0-children=0&#038;pa=38&#038;tab=maps&#038;JHR=2&#038;q-room-0-adults=2&#038;YGF=2&#038;MGT=1&#038;ZSX=0&#038;SYE=3\">Plage de Ngor, Dakar, Dakar, 24315, S\u00e9n\u00e9gal<\/a><\/p>\n<ul>\n<li>Centre-ville \u00e0 7,2 km<\/li>\n<li>Medina \u00e0 12 km<\/li>\n<\/ul>\n<h2><a href=\"https:\/\/fr.hotels.com\/ho608830\/?q-check-out=2019-08-31&#038;FPQ=3&#038;q-check-in=2019-08-30&#038;WOE=6&#038;WOD=5&#038;q-room-0-children=0&#038;pa=53&#038;tab=description&#038;JHR=2&#038;q-room-0-adults=2&#038;YGF=2&#038;MGT=1&#038;ZSX=0&#038;SYE=3\">Hotel Ngor Diarama<\/a><\/h2>\n<p><a href=\"https:\/\/fr.hotels.com\/ho608830\/?q-check-out=2019-08-31&#038;FPQ=3&#038;q-check-in=2019-08-30&#038;WOE=6&#038;WOD=5&#038;q-room-0-children=0&#038;pa=53&#038;tab=maps&#038;JHR=2&#038;q-room-0-adults=2&#038;YGF=2&#038;MGT=1&#038;ZSX=0&#038;SYE=3\">Baie de Ngor, Dakar, S\u00e9n\u00e9gal<\/a><\/p>\n<ul>\n<li>Centre-ville \u00e0 7,0 km<\/li>\n<li>Medina \u00e0 11 km<\/li>\n<\/ul>\n<h2><a href=\"https:\/\/fr.hotels.com\/ho269415\/?q-check-out=2019-08-31&#038;FPQ=2&#038;q-check-in=2019-08-30&#038;WOE=6&#038;WOD=5&#038;q-room-0-children=0&#038;pa=55&#038;tab=description&#038;JHR=1&#038;q-room-0-adults=2&#038;YGF=2&#038;MGT=1&#038;ZSX=0&#038;SYE=3\">Hotel Faidherbe<\/a><\/h2>\n<p><a href=\"https:\/\/fr.hotels.com\/ho269415\/?q-check-out=2019-08-31&#038;FPQ=2&#038;q-check-in=2019-08-30&#038;WOE=6&#038;WOD=5&#038;q-room-0-children=0&#038;pa=55&#038;tab=maps&#038;JHR=1&#038;q-room-0-adults=2&#038;YGF=2&#038;MGT=1&#038;ZSX=0&#038;SYE=3\">19 Avenue Faidherbe, Dakar, 3197, S\u00e9n\u00e9gal<\/a><\/p>\n<ul>\n<li>Centre-ville \u00e0 5,2 km<\/li>\n<li>Medina \u00e0 7,0 km<\/li>\n<\/ul>\n<h2><a href=\"https:\/\/fr.hotels.com\/ho590400\/?q-check-out=2019-08-31&#038;FPQ=2&#038;q-check-in=2019-08-30&#038;WOE=6&#038;WOD=5&#038;q-room-0-children=0&#038;pa=70&#038;tab=description&#038;JHR=1&#038;q-room-0-adults=2&#038;YGF=2&#038;MGT=1&#038;ZSX=0&#038;SYE=3\">H\u00f4tel R\u00e9sidence La Corniche<\/a><\/h2>\n<p><a href=\"https:\/\/fr.hotels.com\/ho590400\/?q-check-out=2019-08-31&#038;FPQ=2&#038;q-check-in=2019-08-30&#038;WOE=6&#038;WOD=5&#038;q-room-0-children=0&#038;pa=70&#038;tab=maps&#038;JHR=1&#038;q-room-0-adults=2&#038;YGF=2&#038;MGT=1&#038;ZSX=0&#038;SYE=3\">Route de la Corniche Ouest, Lot N\u00b032, Camp Des Mamelles, Dakar, 24561, S\u00e9n\u00e9gal<\/a><\/p>\n<ul>\n<li>Centre-ville \u00e0 4,4 km<\/li>\n<li>Medina \u00e0 9,5 km<\/li>\n<\/ul>\n<h2><a href=\"https:\/\/fr.hotels.com\/ho536459\/?q-check-out=2019-08-31&#038;FPQ=2&#038;q-check-in=2019-08-30&#038;WOE=6&#038;WOD=5&#038;q-room-0-children=0&#038;pa=16&#038;tab=description&#038;JHR=1&#038;q-room-0-adults=2&#038;YGF=2&#038;MGT=1&#038;ZSX=0&#038;SYE=3\">H\u00f4tel Fleur de Lys Plateau<\/a><\/h2>\n<p><a href=\"https:\/\/fr.hotels.com\/ho536459\/?q-check-out=2019-08-31&#038;FPQ=2&#038;q-check-in=2019-08-30&#038;WOE=6&#038;WOD=5&#038;q-room-0-children=0&#038;pa=16&#038;tab=maps&#038;JHR=1&#038;q-room-0-adults=2&#038;YGF=2&#038;MGT=1&#038;ZSX=0&#038;SYE=3\">64 Rue Felix, Faure, Dakar, 2302, S\u00e9n\u00e9gal<\/a><\/p>\n<ul>\n<li>Centre-ville \u00e0 6,1 km<\/li>\n<li>Medina \u00e0 7,8 km<\/li>\n<\/ul>\n<h2><a href=\"https:\/\/fr.hotels.com\/ho419323\/?q-check-out=2019-08-31&#038;FPQ=3&#038;q-check-in=2019-08-30&#038;WOE=6&#038;WOD=5&#038;q-room-0-children=0&#038;pa=17&#038;tab=description&#038;JHR=2&#038;q-room-0-adults=2&#038;YGF=2&#038;MGT=1&#038;ZSX=0&#038;SYE=3\">ibis Dakar<\/a><\/h2>\n<p><a href=\"https:\/\/fr.hotels.com\/ho419323\/?q-check-out=2019-08-31&#038;FPQ=3&#038;q-check-in=2019-08-30&#038;WOE=6&#038;WOD=5&#038;q-room-0-children=0&#038;pa=17&#038;tab=maps&#038;JHR=2&#038;q-room-0-adults=2&#038;YGF=2&#038;MGT=1&#038;ZSX=0&#038;SYE=3\">Avenue Abdoulaye Fadiga No 2, Dakar, 18524, S\u00e9n\u00e9gal<\/a><\/p>\n<ul>\n<li>Centre-ville \u00e0 6,2 km<\/li>\n<li>Medina \u00e0 7,2 km<\/li>\n<\/ul>\n","protected":false},"excerpt":{"rendered":"<p>EUTIC 2019 aura lieu \u00e0 l&#8217;ENO de Mermoz \u00e0 Dakar pr\u00e9sentation de l&#8217;ENO localisation du colloque Liste d&#8217;h\u00f4tels conseill\u00e9s H\u00f4tel Le Djoloff 7 rue Nani, Fann Hock, Dakar, S\u00e9n\u00e9gal Centre-ville \u00e0 4,6 km Medina \u00e0 8,3 km Hotel La Madrague &hellip; <a href=\"http:\/\/conference-eutic.org\/en\/hotels-2019\/\">Continue reading <span class=\"meta-nav\">&rarr;<\/span><\/a><\/p>\n","protected":false},"author":1,"featured_media":0,"parent":0,"menu_order":0,"comment_status":"closed","ping_status":"closed","template":"","meta":[],"translation":{"provider":"WPGlobus","version":"2.8.11","language":"en","enabled_languages":["fr","en"],"languages":{"fr":{"title":true,"content":true,"excerpt":false},"en":{"title":true,"content":false,"excerpt":false}}},"_links":{"self":[{"href":"http:\/\/conference-eutic.org\/en\/wp-json\/wp\/v2\/pages\/416"}],"collection":[{"href":"http:\/\/conference-eutic.org\/en\/wp-json\/wp\/v2\/pages"}],"about":[{"href":"http:\/\/conference-eutic.org\/en\/wp-json\/wp\/v2\/types\/page"}],"author":[{"embeddable":true,"href":"http:\/\/conference-eutic.org\/en\/wp-json\/wp\/v2\/users\/1"}],"replies":[{"embeddable":true,"href":"http:\/\/conference-eutic.org\/en\/wp-json\/wp\/v2\/comments?post=416"}],"version-history":[{"count":14,"href":"http:\/\/conference-eutic.org\/en\/wp-json\/wp\/v2\/pages\/416\/revisions"}],"predecessor-version":[{"id":877,"href":"http:\/\/conference-eutic.org\/en\/wp-json\/wp\/v2\/pages\/416\/revisions\/877"}],"wp:attachment":[{"href":"http:\/\/conference-eutic.org\/en\/wp-json\/wp\/v2\/media?parent=416"}],"curies":[{"name":"wp","href":"https:\/\/api.w.org\/{rel}","templated":true}]}}