{"id":569,"date":"2020-02-12T17:14:09","date_gmt":"2020-02-12T16:14:09","guid":{"rendered":"http:\/\/conference-eutic.org\/?page_id=569"},"modified":"2020-10-23T11:57:24","modified_gmt":"2020-10-23T09:57:24","slug":"comites-2020","status":"publish","type":"page","link":"http:\/\/conference-eutic.org\/en\/comites-2020\/","title":{"rendered":"Committees 2020-2021"},"content":{"rendered":"<h2>EUTIC network steering committee<\/h2>\n<ul>\n<li>Lise VIEIRA, Universit\u00e9 Bordeaux-Montaigne &#8211; Coordination du r\u00e9seau (FRA) &#8211; Membre fondateur<\/li>\n<li>Serge AGOSTINELLI,Universit\u00e9 des Antilles (FRA)<\/li>\n<li>Noble AKAM, Universit\u00e9 Bordeaux-Montaigne (FRA)<\/li>\n<li>Didier BALTAZART, Universit\u00e9 de Reims (FRA)<\/li>\n<li>Carlos CORREIA, Universidade Nova de Lisboa (PRT) &#8211; Membre fondateur<\/li>\n<li>Raja FENNICHE DAOUAS, Universit\u00e9 de la Manouba, Tunis (TUN)<\/li>\n<li>Dimitris GOUSCOS, Athens University (GRC)<\/li>\n<li>Claude LISHOU, Universit\u00e9 Cheick Anta Diop (SEN)<\/li>\n<li>Michael MEIMARIS, Athens University (GRC) &#8211; Membre fondateur<\/li>\n<li>Francisco Luis DOS SANTOS, Universidade Federal Rural de Pernambuco, (BRA)<\/li>\n<li>Rodrigo DE SOUZA, Universidade Federal Rural de Pernambuco, (BRA)<\/li>\n<li>Ren\u00e9 PATESSON, Universit\u00e9 Libre de Bruxelles (BEL) &#8211; Membre fondateur<\/li>\n<li>Irene TOM\u00c9, Universidade Nova de Lisboa (PRT)<\/li>\n<\/ul>\n<h2>EUTIC 2020-2021 scientific committee<\/h2>\n<ul>\n<li>Serge AGOSTINELLI,Universit\u00e9 des Antilles (FRA)<\/li>\n<li>Noble AKAM, Universit\u00e9 Bordeaux-Montaigne (FRA)<\/li>\n<li>Isabel AL\u00c7ADA, Universidade Nova de Lisboa (PRT)<\/li>\n<li>Yves ARDOUREL, Universit\u00e9 Toulouse 2 (FRA)<\/li>\n<li>Daniel BONNET, Universit\u00e9 Jean Moulin (FRA)<\/li>\n<li>Christian BASTIEN, Universit\u00e9 de Lorraine, Metz (FRA)<\/li>\n<li>Isabelle CHOQUET, ICHEC Management School \u00e0 Bruxelles (BEL)<\/li>\n<li>Peter CAREW , Waterford Institute of Technology (IRL)<\/li>\n<li>Dimitris CHARITOS, Athens University (GRC)<\/li>\n<li>Carlos CORREIA, Universidade Nova de Lisboa (PRT)<\/li>\n<li>Juliana Regueira Basto DINIZ, Universidade Federal Rural de Pernambuco &#8211; Recife (BRA)<\/li>\n<li>Ioannis DRAGONAS, Technological Educational Institute of Ionian Islands (GRC)<\/li>\n<li>Alain ESCADAFAL, Universit\u00e9 Bordeaux-Montaigne (FRA)<\/li>\n<li>Raja FENNICHE DAOUAS,Universit\u00e9 de la Manouba, Tunis (TUN)<\/li>\n<li>Andreas GIANNAKOULOPOULOS, Ionian University (GRC)<\/li>\n<li>Dimitris GOUSCOS, Athens University (GRC)<\/li>\n<li>Fran\u00e7ois HEINDERYCKX, Universit\u00e9 Libre de Bruxelles (BEL)<\/li>\n<li>Jean Thierry JULIA, Universit\u00e9 de Toulouse (FRA)<\/li>\n<li>Alain KIYINDOU, Universit\u00e9 Bordeaux-Montaigne (FRA)<\/li>\n<li>Armand LIETART, CERIA (BEL)<\/li>\n<li>Claude LISHOU, Universit\u00e9 Cheick Anta Diop (SEN)<\/li>\n<li>Moussa LO, Universit\u00e9 Virtuelle du S\u00e9n\u00e9gal (SEN)<\/li>\n<li>Maria CristinaMATTEUCCI, Universit\u00e9 de Psychologie de Bologne ( IT)<\/li>\n<li>Michael MEIMARIS, Athens University (GRC)<\/li>\n<li>Gervais MENDY, Universit\u00e9 Cheikh Anta Diop &#8211; ESP (SEN)<\/li>\n<li>Vincent MEYER, Universit\u00e9 de Nice Sophia Antipolis( FRA)<\/li>\n<li>Costas MOURLAS, Athens University (GRC)<\/li>\n<li>Catherine PASCAL, Universit\u00e9 Bordeaux-Montaigne (FRA)<\/li>\n<li>Ren\u00e9 PATESSON, Universit\u00e9 Libre de Bruxelles (BEL)<\/li>\n<li>Marizete Silva SANTOS, Universidade Federal Rural de Pernambuco &#8211; Recife (BRA)<\/li>\n<li>Rodrigo DE SOUZA, Universidade Federal Rural de Pernambuco &#8211; Recife (BRA)<\/li>\n<li>Pierre-Michel RICCIO Ecole des mines d\u2019Al\u00e8s (FRA)<\/li>\n<li>Soufiane ROUISSI, Universit\u00e9 Bordeaux-Montaigne (FRA)<\/li>\n<li>Annick SCHOTT, Universit\u00e9 Bordeaux-Montaigne (FRA)<\/li>\n<li>Jean-Claude SPERANDIO, Professeur \u00e9m\u00e9rite de l&#8217;Universit\u00e9 Paris-Descartes (FRA)<\/li>\n<li>Larry STAPPLETON, Waterford Institute of Technology (IRL)<\/li>\n<li>Michel SYLIN, CeRePOI, Universit\u00e9 Libre de Bruxelles (BEL)<\/li>\n<li>Carlo TOMASETTO, Universit\u00e9 de Psychologie de Bologne ( IT)<\/li>\n<li>Irene TOM\u00c9, Universidade Nova de Lisboa (PRT)<\/li>\n<li>Genevieve VIDAL, Universit\u00e9 Paris 13 (FRA)<\/li>\n<li>Lise VIEIRA, Universit\u00e9 Bordeaux-Montaigne (FRA)<\/li>\n<\/ul>\n<h2>Steering Group<\/h2>\n<p>Coordination : Ren\u00e9 PATESSON, Professeur del&#8217;Universit\u00e9 (ULB &#8211; Bruxelles)<br \/>\nCollaboration : CeRePOI &#8211; Centre de Recherche en Psychologie des Organisations et des Institutions &#8211; ULB &#8211; Bruxelles<\/p>\n<ul>\n<li>Isabelle CHOQUET<\/li>\n<li>Armand LIETART<\/li>\n<li>Ren\u00e9 PATESSON<\/li>\n<li>Gaetan de PLAEN<\/li>\n<li>Annick SCHOTT<\/li>\n<li>Michel SYLIN<\/li>\n<li>Cathy VANCLEVE<\/li>\n<li>Lise VIEIRA<\/li>\n<\/ul>\n<h2>Scientific Partnership<\/h2>\n<p>Universit\u00e9s du r\u00e9seau international EUTIC : Athens University, Universidade Nova de Lisboa, Universit\u00e9 Libre de Bruxelles, Universit\u00e9 Cheikh Anta Diop de Dakar, Universidade Federal rural Recife, Universit\u00e9 de la Manouba de Tunis, Universit\u00e9 des Antilles.<\/p>\n","protected":false},"excerpt":{"rendered":"<p>EUTIC network steering committee Lise VIEIRA, Universit\u00e9 Bordeaux-Montaigne &#8211; Coordination du r\u00e9seau (FRA) &#8211; Membre fondateur Serge AGOSTINELLI,Universit\u00e9 des Antilles (FRA) Noble AKAM, Universit\u00e9 Bordeaux-Montaigne (FRA) Didier BALTAZART, Universit\u00e9 de Reims (FRA) Carlos CORREIA, Universidade Nova de Lisboa (PRT) &#8211; &hellip; <a href=\"http:\/\/conference-eutic.org\/en\/comites-2020\/\">Continue reading <span class=\"meta-nav\">&rarr;<\/span><\/a><\/p>\n","protected":false},"author":1,"featured_media":0,"parent":0,"menu_order":0,"comment_status":"closed","ping_status":"closed","template":"","meta":[],"translation":{"provider":"WPGlobus","version":"2.8.11","language":"en","enabled_languages":["fr","en"],"languages":{"fr":{"title":true,"content":true,"excerpt":false},"en":{"title":true,"content":true,"excerpt":false}}},"_links":{"self":[{"href":"http:\/\/conference-eutic.org\/en\/wp-json\/wp\/v2\/pages\/569"}],"collection":[{"href":"http:\/\/conference-eutic.org\/en\/wp-json\/wp\/v2\/pages"}],"about":[{"href":"http:\/\/conference-eutic.org\/en\/wp-json\/wp\/v2\/types\/page"}],"author":[{"embeddable":true,"href":"http:\/\/conference-eutic.org\/en\/wp-json\/wp\/v2\/users\/1"}],"replies":[{"embeddable":true,"href":"http:\/\/conference-eutic.org\/en\/wp-json\/wp\/v2\/comments?post=569"}],"version-history":[{"count":7,"href":"http:\/\/conference-eutic.org\/en\/wp-json\/wp\/v2\/pages\/569\/revisions"}],"predecessor-version":[{"id":779,"href":"http:\/\/conference-eutic.org\/en\/wp-json\/wp\/v2\/pages\/569\/revisions\/779"}],"wp:attachment":[{"href":"http:\/\/conference-eutic.org\/en\/wp-json\/wp\/v2\/media?parent=569"}],"curies":[{"name":"wp","href":"https:\/\/api.w.org\/{rel}","templated":true}]}}