{"id":765,"date":"2022-03-31T16:43:48","date_gmt":"2022-03-31T14:43:48","guid":{"rendered":"http:\/\/conference-eutic.org\/?page_id=765"},"modified":"2022-03-31T21:27:56","modified_gmt":"2022-03-31T19:27:56","slug":"comites-2022","status":"publish","type":"page","link":"http:\/\/conference-eutic.org\/en\/comites-2022\/","title":{"rendered":"Committees 2022"},"content":{"rendered":"\n<h2>EUTIC NETWORK STEERING COMMITTEE<\/h2>\n\n\n\n<ul><li>Lise VIEIRA, Universit\u00e9 Bordeaux- Montaigne &#8211; Network Coordinator (FR)<\/li><li>Serge AGOSTINELLI, Universit\u00e9 des Antilles (FR)<\/li><li>Noble AKAM, Universit\u00e9 Bordeaux- Montaigne (FR)<\/li><li>Didier BALTAZART, Universit\u00e9 de Reims (FR)<\/li><li>Carlos CORREIA, Universidade Nova de Lisboa (PT)<\/li><li>Rodrigo DE SOUZA, Universidade Federal Rural de Pernambuco, (BRA)<\/li><li>Raja FENNICHE DAOUAS, Universit\u00e9 de la Manouba, Tunis (TUN)<\/li><li>Andreas GIANNAKOULOPOULOS, Ionian University (GR)<\/li><li>Dimitris GOUSCOS, University of Athens (GR)<\/li><li>Claude LISHOU, Universit\u00e9 Cheick Anta Diop (SEN)<\/li><li>Michael MEIMARIS, University of Athens (GR)<\/li><li>Ren\u00e9 PATESSON, Universit\u00e9 Libre de Bruxelles (BEL)<\/li><li>Irene TOM\u00c9, Universidade Nova de Lisboa (PT)<\/li><\/ul>\n\n\n\n<h2>EUTIC 2022 SCIENTIFIC COMMITTEE<\/h2>\n\n\n\n<ul><li>Serge AGOSTINELLI, Universit\u00e9 des Antilles (FR)<\/li><li>Isabel AL\u00c7ADA, Universidade Nova de Lisboa (PT)<\/li><li>Yves ARDOUREL, Universit\u00e9 Bordeaux- Montaigne (FR)<\/li><li>Noble AKAM, Universit\u00e9 Bordeaux- Montaigne (FR)<\/li><li>Didier BALTAZART, Universit\u00e9 de Reims (FR)<\/li><li>Daniel BONNET, Universite\u0301 Jean Moulin, Lyon (FRA)<\/li><li>Peter CAREW, Waterford Institute of Technology (IRL)<\/li><li>Maria CHALKOU, Ionian University (GR)<\/li><li>Dimitris CHARITOS, University of Athens (GR)<\/li><li>Carlos CORREIA, Universidade Nova de Lisboa (PT)<\/li><li>Renata DALIANOUDI, Ionian University (GR)<\/li><li>Ioannis DELIGIANNIS, Ionian University (GR)<\/li><li>Rodrigo DE SOUZA, Universidade Federal Rural de Pernambuco, (BRA)<\/li><li>Ioannis DRAGONAS, University of West Attica (GR)<\/li><li>Raja FENNICHE DAOUAS, Universit\u00e9 de la Manouba, Tunis (TUN)<\/li><li>Andreas FLOROS, Ionian University (GR)<\/li><li>Andreas GIANNAKOULOPOULOS, Ionian University (GR)<\/li><li>Dimitris GOUSCOS, University of Athens (GR)<\/li><li>Dalila HONORATO, Ionian University (GR)<\/li><li>Katerina KABASSI, Ionian University (GR)<\/li><li>Vassilis KOMIANOS, Ionian University (GR)<\/li><li>Vincent LIQUETE, Universit\u00e9 Bordeaux- Montaigne (FR)<\/li><li>Claude LISHOU, Universit\u00e9 Cheick Anta Diop (SEN)<\/li><li>Maria Cristina MATTEUCCI, Universit\u00e9 de Psychologie de Bologne ( IT)<\/li><li>Michael MEIMARIS, University of Athens (GR)<\/li><li>Costas MOURLAS, University of Athens (GR)<\/li><li>Andreas MOUTSIOS-RENTZOS, University of Athens (GR)<\/li><li>Michail PANAGOPOULOS, Ionian University (GR)<\/li><li>Agnes PAPADOPOULOU, Ionian University (GR)<\/li><li>Ren\u00e9 PATESSON, Universit\u00e9 Libre de Bruxelles (BEL)<\/li><li>Pierre-Michel RICCIO Ecole des mines d\u2019Al\u00e8s (FR)<\/li><li>Soufiane ROUISSI, Universit\u00e9 Bordeaux- Montaigne (FR)<\/li><li>Annick SCHOTT, Universite\u0301 Bordeaux- Montaigne (FRA)<\/li><li>Vilelmini SOSSONI, Ionian University (GR)<\/li><li>Larry STAPPLETON, Waterford Institute of Technology (IRL)<\/li><li>Konstantinos TILIGADIS, Ionian University (GR)<\/li><li>Carlo TOMASETTO, Universit\u00e9 de Psychologie de Bologne ( IT)<\/li><li>Irene TOM\u00c9, Universidade Nova de Lisboa (PT)<\/li><li>Genevieve VIDAL, Universite\u0301 Paris 13 (FRA)<\/li><li>Lise VIEIRA, Universit\u00e9 Bordeaux-Montaigne (FR)<\/li><\/ul>\n\n\n\n<h2>EUTIC 2022 ORGANIZING COMMITTEE<\/h2>\n\n\n\n<h3><strong>Organized by<\/strong><\/h3>\n\n\n\n<ul><li>Department of Audio and Visual Arts, Ionian University<\/li><\/ul>\n\n\n\n<h3><strong>Supported by<\/strong><\/h3>\n\n\n\n<ul><li>New Technologies Laboratory in Communication, Education and the Mass Media<\/li><li>Mathematics, History, Philosophy and Didactics of Mathematics Laboratory<\/li><\/ul>\n\n\n\n<h3>Members of the Organizing Committee<\/h3>\n\n\n\n<ul><li>Andreas GIANNAKOULOPOULOS, Ionian University (GR), Chair<\/li><li>Dalila HONORATO, Ionian University (GR), Vice-Chair<\/li><li>Andreas MOUTSIOS-RENTZOS, University of Athens (GR), Vice-Chair<\/li><li>Costas MOURLAS, University of Athens (GR), Member<\/li><li>Renata DALIANOUDI, Ionian University (GR), Member<\/li><li>Agnes PAPADOPOULOU, Ionian University (GR), Member<\/li><li>Maria CHALKOU, Ionian University (GR), Member<\/li><li>Niki PAPASTAVROU, University of Athens (GR), Member<\/li><li>Roubini OIKONOMIDOU, Ionian University (GR), Member<\/li><\/ul>\n\n\n\n<h3>Honorary Chair<\/h3>\n\n\n\n<ul><li>Michael MEIMARIS, University of Athens (GR)<\/li><\/ul>\n","protected":false},"excerpt":{"rendered":"<p>EUTIC NETWORK STEERING COMMITTEE Lise VIEIRA, Universit\u00e9 Bordeaux- Montaigne &#8211; Network Coordinator (FR) Serge AGOSTINELLI, Universit\u00e9 des Antilles (FR) Noble AKAM, Universit\u00e9 Bordeaux- Montaigne (FR) Didier BALTAZART, Universit\u00e9 de Reims (FR) Carlos CORREIA, Universidade Nova de Lisboa (PT) Rodrigo DE &hellip; <a href=\"http:\/\/conference-eutic.org\/en\/comites-2022\/\">Continue reading <span class=\"meta-nav\">&rarr;<\/span><\/a><\/p>\n","protected":false},"author":1,"featured_media":0,"parent":0,"menu_order":0,"comment_status":"closed","ping_status":"closed","template":"","meta":[],"translation":{"provider":"WPGlobus","version":"2.8.11","language":"en","enabled_languages":["fr","en"],"languages":{"fr":{"title":true,"content":true,"excerpt":false},"en":{"title":true,"content":true,"excerpt":false}}},"_links":{"self":[{"href":"http:\/\/conference-eutic.org\/en\/wp-json\/wp\/v2\/pages\/765"}],"collection":[{"href":"http:\/\/conference-eutic.org\/en\/wp-json\/wp\/v2\/pages"}],"about":[{"href":"http:\/\/conference-eutic.org\/en\/wp-json\/wp\/v2\/types\/page"}],"author":[{"embeddable":true,"href":"http:\/\/conference-eutic.org\/en\/wp-json\/wp\/v2\/users\/1"}],"replies":[{"embeddable":true,"href":"http:\/\/conference-eutic.org\/en\/wp-json\/wp\/v2\/comments?post=765"}],"version-history":[{"count":3,"href":"http:\/\/conference-eutic.org\/en\/wp-json\/wp\/v2\/pages\/765\/revisions"}],"predecessor-version":[{"id":800,"href":"http:\/\/conference-eutic.org\/en\/wp-json\/wp\/v2\/pages\/765\/revisions\/800"}],"wp:attachment":[{"href":"http:\/\/conference-eutic.org\/en\/wp-json\/wp\/v2\/media?parent=765"}],"curies":[{"name":"wp","href":"https:\/\/api.w.org\/{rel}","templated":true}]}}