{"id":843,"date":"2023-03-09T12:25:33","date_gmt":"2023-03-09T11:25:33","guid":{"rendered":"http:\/\/conference-eutic.org\/?page_id=843"},"modified":"2023-03-09T12:44:10","modified_gmt":"2023-03-09T11:44:10","slug":"eutic-2021","status":"publish","type":"page","link":"http:\/\/conference-eutic.org\/en\/eutic-2021\/","title":{"rendered":"EUTIC 2021"},"content":{"rendered":"\n<div class=\"wp-block-image\"><figure class=\"aligncenter\"><img src=\"http:\/\/conference-eutic.org\/wp-content\/uploads\/2020\/10\/eutic2021-1024x522.jpg\" alt=\"\" class=\"wp-image-520\"\/><\/figure><\/div>\n\n\n\n<p class=\"has-text-align-center\"><strong>XVI<sup>th<\/sup> International Conference EUTIC 2021<\/strong><\/p>\n\n\n\n<p class=\"has-text-align-center\">International and Multidisciplinary Research Network on ICT Challenges and Uses<\/p>\n\n\n\n<h2 class=\"has-text-align-center\"><strong>The challenges of the digital transition<\/strong><\/h2>\n\n\n\n<h3 class=\"has-text-align-center\">october 2021, 25-26<br>ULB (Universit\u00e9 Libre de Bruxelles) Avenue Jeanne, 44, 1050 Bruxelles<\/h3>\n\n\n\n<div class=\"wp-block-image\"><figure class=\"aligncenter\"><img src=\"http:\/\/conference-eutic.org\/wp-content\/uploads\/2020\/10\/EUTIC2020bande-2021-1024x390.jpg\" alt=\"\" class=\"wp-image-534\"\/><\/figure><\/div>\n\n\n\n<figure class=\"wp-block-image\"><img src=\"http:\/\/conference-eutic.org\/wp-content\/uploads\/2020\/02\/logoUniversit\u00e9.png\" alt=\"\" class=\"wp-image-544\"\/><\/figure>\n\n\n\n<div class=\"wp-block-image\"><figure class=\"alignleft is-resized\"><img loading=\"lazy\" src=\"http:\/\/conference-eutic.org\/wp-content\/uploads\/2018\/02\/logo_mica2.png\" alt=\"\" class=\"wp-image-115\" width=\"65\" height=\"68\"\/><\/figure><\/div>\n\n\n\n<div class=\"wp-block-image\"><figure class=\"alignleft is-resized\"><img loading=\"lazy\" src=\"http:\/\/conference-eutic.org\/wp-content\/uploads\/2018\/02\/logo-ubm-300x95.png\" alt=\"\" class=\"wp-image-92\" width=\"224\" height=\"71\" srcset=\"http:\/\/conference-eutic.org\/wp-content\/uploads\/2018\/02\/logo-ubm-300x95.png 300w, http:\/\/conference-eutic.org\/wp-content\/uploads\/2018\/02\/logo-ubm.png 399w\" sizes=\"(max-width: 224px) 100vw, 224px\" \/><\/figure><\/div>\n\n\n\n<div class=\"wp-block-image\"><figure class=\"alignleft is-resized\"><img loading=\"lazy\" src=\"http:\/\/conference-eutic.org\/wp-content\/uploads\/2018\/02\/ulb_1.png\" alt=\"\" class=\"wp-image-142\" width=\"177\" height=\"62\"\/><\/figure><\/div>\n\n\n\n<div class=\"wp-block-image\"><figure class=\"alignleft is-resized\"><img loading=\"lazy\" src=\"http:\/\/conference-eutic.org\/wp-content\/uploads\/2018\/03\/Lisboa-Nova-300x180.png\" alt=\"\" class=\"wp-image-148\" width=\"144\" height=\"86\" srcset=\"http:\/\/conference-eutic.org\/wp-content\/uploads\/2018\/03\/Lisboa-Nova-300x180.png 300w, http:\/\/conference-eutic.org\/wp-content\/uploads\/2018\/03\/Lisboa-Nova.png 600w\" sizes=\"(max-width: 144px) 100vw, 144px\" \/><\/figure><\/div>\n\n\n\n<div class=\"wp-block-image\"><figure class=\"alignleft is-resized\"><img loading=\"lazy\" src=\"http:\/\/conference-eutic.org\/wp-content\/uploads\/2018\/02\/citi_1.png\" alt=\"\" class=\"wp-image-141\" width=\"97\" height=\"63\"\/><\/figure><\/div>\n\n\n\n<div class=\"wp-block-image\"><figure class=\"alignleft is-resized\"><img loading=\"lazy\" src=\"http:\/\/conference-eutic.org\/wp-content\/uploads\/2018\/02\/nkua_1.png\" alt=\"\" class=\"wp-image-144\" width=\"261\" height=\"62\"\/><\/figure><\/div>\n\n\n\n<div class=\"wp-block-image\"><figure class=\"alignleft is-resized\"><img loading=\"lazy\" src=\"http:\/\/conference-eutic.org\/wp-content\/uploads\/2018\/02\/ufrp.png\" alt=\"\" class=\"wp-image-143\" width=\"139\" height=\"81\"\/><\/figure><\/div>\n\n\n\n<div class=\"wp-block-image\"><figure class=\"alignleft is-resized\"><img loading=\"lazy\" src=\"http:\/\/conference-eutic.org\/wp-content\/uploads\/2018\/06\/lamia2.png\" alt=\"\" class=\"wp-image-261\" width=\"71\" height=\"72\"\/><\/figure><\/div>\n\n\n\n<div class=\"wp-block-image\"><figure class=\"alignleft is-resized\"><img loading=\"lazy\" src=\"http:\/\/conference-eutic.org\/wp-content\/uploads\/2018\/03\/Dakar-UCAD.png\" alt=\"\" class=\"wp-image-149\" width=\"69\" height=\"80\"\/><\/figure><\/div>\n\n\n\n<div class=\"wp-block-image\"><figure class=\"alignleft is-resized\"><img loading=\"lazy\" src=\"http:\/\/conference-eutic.org\/wp-content\/uploads\/2018\/03\/Tunis-ISD.jpeg\" alt=\"\" class=\"wp-image-147\" width=\"96\" height=\"79\"\/><\/figure><\/div>\n\n\n\n<div class=\"wp-block-image\"><figure class=\"alignleft is-resized\"><img loading=\"lazy\" src=\"http:\/\/conference-eutic.org\/wp-content\/uploads\/2021\/09\/fondationmainguene-3.png\" alt=\"\" class=\"wp-image-696\" width=\"96\" height=\"102\" srcset=\"http:\/\/conference-eutic.org\/wp-content\/uploads\/2021\/09\/fondationmainguene-3.png 864w, http:\/\/conference-eutic.org\/wp-content\/uploads\/2021\/09\/fondationmainguene-3-284x300.png 284w, http:\/\/conference-eutic.org\/wp-content\/uploads\/2021\/09\/fondationmainguene-3-768x812.png 768w\" sizes=\"(max-width: 96px) 100vw, 96px\" \/><\/figure><\/div>\n\n\n\n<p class=\"has-text-align-center\">With the support of the <a href=\"http:\/\/www.fondation-anthonymainguene.org\/\">Anthony Mainguen\u00e9 Foundation<\/a><\/p>\n\n\n\n<h1>2020 Call for papers (closed)<\/h1>\n\n\n\n<p>Call for papers to download, in <a href=\"http:\/\/conference-eutic.org\/wp-content\/uploads\/2020\/02\/EUTIC-2020-Call-for-Papers.pdf\" target=\"_blank\" rel=\"noreferrer noopener\">PDF format<\/a> or <a href=\"http:\/\/conference-eutic.org\/wp-content\/uploads\/2020\/02\/EUTIC-2020-Call-for-Papers.docx\" target=\"_blank\" rel=\"noreferrer noopener\">DOCX format<\/a><\/p>\n\n\n\n<p>Digital is everywhere. At home, in industry and administration, in transport, in the pocket, in the office\u2026 The industrial revolution is mainly a technological evolution in production systems, mass production taking precedence over craftsmanship, the emergence of new skills unrelated to familiar activities, the exploitation of fossil fuels giving way to animal and human power, the development of long-distance transport means contributing to the intensification of commerce. Materialism, through the enjoyment of goods, becomes the vector of industrial and economic development.<br>Digital, another upheaval? Just like Aesop\u2019s tongue, Digital could be the best and worst of things. Our daily life is imbued with it, at home, in our travels, our professional, leisure and sports activities, our health, our relationships. Nothing escapes it. We will speak of transition insofar as our activities in these most diverse fields become contingent on the use of digital means and intermediaries. The smartphone is an indisputable illustration of this, such that being deprived of it is increasingly excluding us from many resources necessary for daily life. Of course, new opportunities and facilities open up by clicking on a screen, but they also generate new risks and challenges. Is everyone, from all areas of professional and social life, in sync and prepared for this transition to increasingly operate through the virtual world? The materialism of the industrial revolution has been virtualized. A new phase has begun. What are the consequences? What are the stakes, risks and challenges?<br>The expected presentations and papers (oral, workshop or symposium) will take on a critical approach on the contributions of digital technologies in supporting digital change and transition. The scientific committee will check that the content proposed by authors include theoretical and empirical aspects that are carefully articulated and presented in a rigorously established methodology. The same will level of quality will be expected for the plenary lectures, round table discussions and poster presentations, which will offer a variety of approaches to the topics addressed.<br>The <em>challenges of the digital transition<\/em> will be examined and developed through the various themes suggested below (non-exhaustive list):<\/p>\n\n\n\n<ul><li>Digital ecosystems, eco-digital culture and eco-communication<\/li><li>The study of processes and ethics<\/li><li>Mediatised communication and its new forms<\/li><li>The predominance of \u201cthumb-index tools\u201d in the different activities and communication<\/li><li>The human in all this?<\/li><li>The solution of continuity between digital innovators and users<\/li><li>Life with algorithms and digital conditioning<\/li><li>Communication reinvented<\/li><li>Fact checking, fake news<\/li><li>Digital persuasion, ICTs and addiction<\/li><li>Adaptability, agility<\/li><li>Digital exclusion and digital-illiteracy<\/li><li>Ergonomics<\/li><li>E-health<\/li><li>The strategies of GAFA and platforms<\/li><li>New skills for the digital world<\/li><li>New activities and new forms of management<\/li><li>Communication and management of the digital transition<\/li><li>Internet governance<\/li><li>The evolution of work and industrial systems<\/li><li>Privacy and its preservation<\/li><li>Regulations\u2026<\/li><\/ul>\n\n\n\n<h2>Contributions<\/h2>\n\n\n\n<p>The contributions can be presented in various formats:<\/p>\n\n\n\n<ul><li><strong>Oral Presentation<\/strong>: 15 minutes Oral presentation with a PowerPoint visual aid, followed by 5 minutes of discussions per presentation<\/li><li><strong>Symposium<\/strong>: Session of 1h30 organised by one or several contributors on a theme, comprising numerous oral presentations (maximum of 5 speakers including the applicant). Session of 1h30 organised by one or several contributors on a theme, comprising numerous oral presentations (maximum of 5 speakers including the applicant). The applicant must contact the speakers of their choice for the symposium to take place.<\/li><li><strong>Workshop<\/strong>: The workshop, organised in a 1h30 session, is a space for sharing experiences and ideas. The participants are engaged and contribute to a collective piece of work on a given theme. The workshop organiser presents the theme and ensures the support of at least two contributors.<\/li><li><strong>Displayed Poster or Demonstration<\/strong>: Displayed poster (A0 size: 841 x 1189 mm) in the relaxation area, possibly with demonstrations.<\/li><\/ul>\n\n\n\n<p>Presentations will be in either English or French. They may be in the form of oral presentations, symposia, workshops or posters.<\/p>\n\n\n\n<p>All accepted proposals will be published in the conference proceedings in digital format, provided the author or one of the authors is registered and present at the conference.<\/p>\n\n\n\n<p>Proposals will be made in English or French (title, 5 keywords, 2 pages of proposal, bibliography. Indicate the theme you wish to address). In addition to the name of the applicant, proposals for workshops and symposia will include a detailed list of speakers with their contact details, the title of their talk and a one-page description of their presentation. The duration of a workshop and\/or symposium is set at 1h30\u2032. Poster presentations will be displayed for the entire duration of the conference.<\/p>\n\n\n\n<p>Presentations and interventions in symposia or workshops should be presented in the following way:<\/p>\n\n\n\n<ul><li>First Page: Title of the presentation; author, university, organisation, institution or company, position held, email address, postal address, telephone\/fax number.<\/li><li>Second Page: Title of the intervention, 5 key words, abstract of 5,000 to 6,000 characters outlining the subject of the communication proposal, the methodological framework, the corpus of data analysed and the expected or obtained results.<\/li><\/ul>\n\n\n\n<p>Selected proposals may be subject to modifications or revisions requested by the Scientific Committee.<\/p>\n\n\n\n<p><strong>Proposals should be sent no later than 30 March 2020, to<\/strong>: <a href=\"mailto:eutic2020@gmail.com\">eutic2020@gmail.com<\/a>.<\/p>\n\n\n\n<p>Please include: \u201c<strong>Communication Proposal EUTIC2020<\/strong>\u201d in the subject line of your email.<\/p>\n\n\n\n<p>The completed text, in accordance with the organisational modalities found on the conference website, should be sent no later than 14 December 2020 so as to be published in the conference proceedings.<\/p>\n\n\n\n<p>The final text should not exceed 12 pages or 36,000 characters, (including the footnotes, bibliography and any graphs, tables or appendix). The document template can be downloaded from the conference website <a href=\"http:\/\/conference-eutic.org\">http:\/\/conference-eutic.org<\/a>.<\/p>\n\n\n\n<h2>Conference Venue<\/h2>\n\n\n\n<p>ULB (Universit\u00e9 Libre de Bruxelles). Avenue Jeanne, 44, 1050 Brussels<\/p>\n\n\n\n<h2>Further information<\/h2>\n\n\n\n<ul><li>Conference Website : <a href=\"http:\/\/conference-eutic.org\">http:\/\/conference-eutic.org<\/a><\/li><li>Ren\u00e9 Patesson: <a href=\"mailto:eutic2020@gmail.com\">eutic2020@gmail.com<\/a><\/li><li>Cathy Vancleve: +32 2 650 34 89<\/li><\/ul>\n\n\n\n<h2>Translation of the call for Papers Eutic 2020<\/h2>\n\n\n\n<ul><li>Sawsan Atallah Bidart. PhD Information Sciences Marketing Communications Instructor Associate Researcher at MICA Bordeaux<\/li><\/ul>\n\n\n\n<h1>Committees 2020-2021<\/h1>\n\n\n\n<h2>EUTIC network steering committee<\/h2>\n\n\n\n<ul><li>Lise VIEIRA, Universit\u00e9 Bordeaux-Montaigne \u2013 Coordination du r\u00e9seau (FRA) \u2013 Membre fondateur<\/li><li>Serge AGOSTINELLI,Universit\u00e9 des Antilles (FRA)<\/li><li>Noble AKAM, Universit\u00e9 Bordeaux-Montaigne (FRA)<\/li><li>Didier BALTAZART, Universit\u00e9 de Reims (FRA)<\/li><li>Carlos CORREIA, Universidade Nova de Lisboa (PRT) \u2013 Membre fondateur<\/li><li>Raja FENNICHE DAOUAS, Universit\u00e9 de la Manouba, Tunis (TUN)<\/li><li>Dimitris GOUSCOS, Athens University (GRC)<\/li><li>Claude LISHOU, Universit\u00e9 Cheick Anta Diop (SEN)<\/li><li>Michael MEIMARIS, Athens University (GRC) \u2013 Membre fondateur<\/li><li>Francisco Luis DOS SANTOS, Universidade Federal Rural de Pernambuco, (BRA)<\/li><li>Rodrigo DE SOUZA, Universidade Federal Rural de Pernambuco, (BRA)<\/li><li>Ren\u00e9 PATESSON, Universit\u00e9 Libre de Bruxelles (BEL) \u2013 Membre fondateur<\/li><li>Irene TOM\u00c9, Universidade Nova de Lisboa (PRT)<\/li><\/ul>\n\n\n\n<h2>EUTIC 2020-2021 scientific committee<\/h2>\n\n\n\n<ul><li>Serge AGOSTINELLI,Universit\u00e9 des Antilles (FRA)<\/li><li>Noble AKAM, Universit\u00e9 Bordeaux-Montaigne (FRA)<\/li><li>Isabel AL\u00c7ADA, Universidade Nova de Lisboa (PRT)<\/li><li>Yves ARDOUREL, Universit\u00e9 Toulouse 2 (FRA)<\/li><li>Daniel BONNET, Universit\u00e9 Jean Moulin (FRA)<\/li><li>Christian BASTIEN, Universit\u00e9 de Lorraine, Metz (FRA)<\/li><li>Isabelle CHOQUET, ICHEC Management School \u00e0 Bruxelles (BEL)<\/li><li>Peter CAREW , Waterford Institute of Technology (IRL)<\/li><li>Dimitris CHARITOS, Athens University (GRC)<\/li><li>Carlos CORREIA, Universidade Nova de Lisboa (PRT)<\/li><li>Juliana Regueira Basto DINIZ, Universidade Federal Rural de Pernambuco \u2013 Recife (BRA)<\/li><li>Ioannis DRAGONAS, Technological Educational Institute of Ionian Islands (GRC)<\/li><li>Alain ESCADAFAL, Universit\u00e9 Bordeaux-Montaigne (FRA)<\/li><li>Raja FENNICHE DAOUAS,Universit\u00e9 de la Manouba, Tunis (TUN)<\/li><li>Andreas GIANNAKOULOPOULOS, Ionian University (GRC)<\/li><li>Dimitris GOUSCOS, Athens University (GRC)<\/li><li>Fran\u00e7ois HEINDERYCKX, Universit\u00e9 Libre de Bruxelles (BEL)<\/li><li>Jean Thierry JULIA, Universit\u00e9 de Toulouse (FRA)<\/li><li>Alain KIYINDOU, Universit\u00e9 Bordeaux-Montaigne (FRA)<\/li><li>Armand LIETART, CERIA (BEL)<\/li><li>Claude LISHOU, Universit\u00e9 Cheick Anta Diop (SEN)<\/li><li>Moussa LO, Universit\u00e9 Virtuelle du S\u00e9n\u00e9gal (SEN)<\/li><li>Maria CristinaMATTEUCCI, Universit\u00e9 de Psychologie de Bologne ( IT)<\/li><li>Michael MEIMARIS, Athens University (GRC)<\/li><li>Gervais MENDY, Universit\u00e9 Cheikh Anta Diop \u2013 ESP (SEN)<\/li><li>Vincent MEYER, Universit\u00e9 de Nice Sophia Antipolis( FRA)<\/li><li>Costas MOURLAS, Athens University (GRC)<\/li><li>Catherine PASCAL, Universit\u00e9 Bordeaux-Montaigne (FRA)<\/li><li>Ren\u00e9 PATESSON, Universit\u00e9 Libre de Bruxelles (BEL)<\/li><li>Marizete Silva SANTOS, Universidade Federal Rural de Pernambuco \u2013 Recife (BRA)<\/li><li>Rodrigo DE SOUZA, Universidade Federal Rural de Pernambuco \u2013 Recife (BRA)<\/li><li>Pierre-Michel RICCIO Ecole des mines d\u2019Al\u00e8s (FRA)<\/li><li>Soufiane ROUISSI, Universit\u00e9 Bordeaux-Montaigne (FRA)<\/li><li>Annick SCHOTT, Universit\u00e9 Bordeaux-Montaigne (FRA)<\/li><li>Jean-Claude SPERANDIO, Professeur \u00e9m\u00e9rite de l\u2019Universit\u00e9 Paris-Descartes (FRA)<\/li><li>Larry STAPPLETON, Waterford Institute of Technology (IRL)<\/li><li>Michel SYLIN, CeRePOI, Universit\u00e9 Libre de Bruxelles (BEL)<\/li><li>Carlo TOMASETTO, Universit\u00e9 de Psychologie de Bologne ( IT)<\/li><li>Irene TOM\u00c9, Universidade Nova de Lisboa (PRT)<\/li><li>Genevieve VIDAL, Universit\u00e9 Paris 13 (FRA)<\/li><li>Lise VIEIRA, Universit\u00e9 Bordeaux-Montaigne (FRA)<\/li><\/ul>\n\n\n\n<h2>Steering Group<\/h2>\n\n\n\n<p>Coordination : Ren\u00e9 PATESSON, Professeur del\u2019Universit\u00e9 (ULB \u2013 Bruxelles)<br>Collaboration : CeRePOI \u2013 Centre de Recherche en Psychologie des Organisations et des Institutions \u2013 ULB \u2013 Bruxelles<\/p>\n\n\n\n<ul><li>Isabelle CHOQUET<\/li><li>Armand LIETART<\/li><li>Ren\u00e9 PATESSON<\/li><li>Gaetan de PLAEN<\/li><li>Annick SCHOTT<\/li><li>Michel SYLIN<\/li><li>Cathy VANCLEVE<\/li><li>Lise VIEIRA<\/li><\/ul>\n\n\n\n<h2>Scientific Partnership<\/h2>\n\n\n\n<p>Universit\u00e9s du r\u00e9seau international EUTIC : Athens University, Universidade Nova de Lisboa, Universit\u00e9 Libre de Bruxelles, Universit\u00e9 Cheikh Anta Diop de Dakar, Universidade Federal rural Recife, Universit\u00e9 de la Manouba de Tunis, Universit\u00e9 des Antilles.<\/p>\n\n\n\n<h1>2020-2021 Important dates<\/h1>\n\n\n\n<h2>For authors: <a href=\"http:\/\/conference-eutic.org\/wp-content\/uploads\/2021\/04\/FR-EUTIC-2020-21-feuille-style.doc\">style sheet to download<\/a><\/h2>\n\n\n\n<figure class=\"wp-block-table\"><table><tbody><tr><td>Announcement of the call for papers<\/td><td>Feb. 2020, 11<\/td><\/tr><tr><td>Deadline for submission proposals<\/td><td>April 2020, 20<\/td><\/tr><tr><td>Author notifications<\/td><td>May 2020, 27<\/td><\/tr><tr><td>Deadline for submission of full papers<\/td><td><strong>September 2021, 6<\/strong><\/td><\/tr><tr><td>Deadline for conference and dinner registration at the preferential rate<\/td><td>September 2021, 15<\/td><\/tr><tr><td>Conference dates<\/td><td>October 2021, 25-26<\/td><\/tr><tr><td>Deadline for submission of the final text<\/td><td>November 2021, 22<\/td><\/tr><\/tbody><\/table><\/figure>\n\n\n\n<h1>2021 Registration fees<\/h1>\n\n\n\n<ul><li>Registration will be effective after payment by bank transfer of the fees to the EUTIC conference account (IBAN: BE50 6111 9825 3118 \u2013 BIC: DEUTBEBE). For payments by check, please contact us.<\/li><li>Registration fees for access to the conference, proceedings (online), coffee breaks.<\/li><li>The conference meal is charged in addition.<\/li><li>Each paper is subject to registration fees and must be presented orally by at least one of its authors.<\/li><li>All participants in the conference must be paid a fee (with or without communication).<\/li><li>The members of the steering committee are registered in law for the conference and do not have to pay the registration fee.<\/li><\/ul>\n\n\n\n<figure class=\"wp-block-table\"><table><tbody><tr><td><\/td><td>Payment registered before september 15th<\/td><td>From september 16th<\/td><\/tr><tr><td>Doctoral students (unemployed, proof required)<\/td><td>100 \u20ac<\/td><td>120 \u20ac<\/td><\/tr><tr><td>Academics and researchers<\/td><td>200 \u20ac<\/td><td>250 \u20ac<\/td><\/tr><tr><td>Non-academics<\/td><td>270 \u20ac<\/td><td>320 \u20ac<\/td><\/tr><tr><td>Dinner<\/td><td>60 \u20ac<\/td><td>70 \u20ac<\/td><\/tr><\/tbody><\/table><\/figure>\n\n\n\n<h1><a href=\"https:\/\/docs.google.com\/forms\/d\/e\/1FAIpQLSeWX_s3RGs9tJyMlJJ3qw8DezlVrVafE8GavPzz1rMSL-3KLQ\/viewform\" target=\"_blank\" rel=\"noreferrer noopener\">Registration form for the EUTIC conference<\/a><\/h1>\n\n\n\n<h1><a href=\"http:\/\/conference-eutic.org\/wp-content\/uploads\/2021\/10\/PROGRAMME-EUTIC-2021-Bruxelles-.pdf\" target=\"_blank\" rel=\"noreferrer noopener\">Agenda<\/a> &amp; <a href=\"http:\/\/conference-eutic.org\/wp-content\/uploads\/2021\/10\/EUTIC-QUELQUES-INFOS.pdf\" target=\"_blank\" rel=\"noreferrer noopener\">Practical Information<\/a><\/h1>\n","protected":false},"excerpt":{"rendered":"<p>XVIth International Conference EUTIC 2021 International and Multidisciplinary Research Network on ICT Challenges and Uses The challenges of the digital transition october 2021, 25-26ULB (Universit\u00e9 Libre de Bruxelles) Avenue Jeanne, 44, 1050 Bruxelles With the support of the Anthony Mainguen\u00e9 &hellip; <a href=\"http:\/\/conference-eutic.org\/en\/eutic-2021\/\">Continue reading <span class=\"meta-nav\">&rarr;<\/span><\/a><\/p>\n","protected":false},"author":1,"featured_media":0,"parent":0,"menu_order":0,"comment_status":"closed","ping_status":"closed","template":"","meta":[],"translation":{"provider":"WPGlobus","version":"2.8.11","language":"en","enabled_languages":["fr","en"],"languages":{"fr":{"title":true,"content":true,"excerpt":false},"en":{"title":true,"content":true,"excerpt":false}}},"_links":{"self":[{"href":"http:\/\/conference-eutic.org\/en\/wp-json\/wp\/v2\/pages\/843"}],"collection":[{"href":"http:\/\/conference-eutic.org\/en\/wp-json\/wp\/v2\/pages"}],"about":[{"href":"http:\/\/conference-eutic.org\/en\/wp-json\/wp\/v2\/types\/page"}],"author":[{"embeddable":true,"href":"http:\/\/conference-eutic.org\/en\/wp-json\/wp\/v2\/users\/1"}],"replies":[{"embeddable":true,"href":"http:\/\/conference-eutic.org\/en\/wp-json\/wp\/v2\/comments?post=843"}],"version-history":[{"count":7,"href":"http:\/\/conference-eutic.org\/en\/wp-json\/wp\/v2\/pages\/843\/revisions"}],"predecessor-version":[{"id":854,"href":"http:\/\/conference-eutic.org\/en\/wp-json\/wp\/v2\/pages\/843\/revisions\/854"}],"wp:attachment":[{"href":"http:\/\/conference-eutic.org\/en\/wp-json\/wp\/v2\/media?parent=843"}],"curies":[{"name":"wp","href":"https:\/\/api.w.org\/{rel}","templated":true}]}}