{"id":972,"date":"2023-03-10T16:55:03","date_gmt":"2023-03-10T15:55:03","guid":{"rendered":"http:\/\/conference-eutic.org\/?page_id=972"},"modified":"2023-03-10T17:05:34","modified_gmt":"2023-03-10T16:05:34","slug":"eutic-2017","status":"publish","type":"page","link":"http:\/\/conference-eutic.org\/en\/eutic-2017\/","title":{"rendered":"EUTIC 2017"},"content":{"rendered":"\n<p class=\"has-text-align-center\"><strong>XIII<sup>e<\/sup> Colloque International<\/strong><\/p>\n\n\n\n<p class=\"has-text-align-center\"><strong>R\u00e9seau de recherche europ\u00e9en et pluridisciplinaire sur les enjeux et usages des TIC<\/strong><\/p>\n\n\n\n<div class=\"wp-block-image\"><figure class=\"aligncenter size-full\"><img loading=\"lazy\" width=\"468\" height=\"215\" src=\"http:\/\/conference-eutic.org\/wp-content\/uploads\/2023\/03\/EUTIC-2017-large.png\" alt=\"\" class=\"wp-image-974\" srcset=\"http:\/\/conference-eutic.org\/wp-content\/uploads\/2023\/03\/EUTIC-2017-large.png 468w, http:\/\/conference-eutic.org\/wp-content\/uploads\/2023\/03\/EUTIC-2017-large-300x138.png 300w\" sizes=\"(max-width: 468px) 100vw, 468px\" \/><\/figure><\/div>\n\n\n\n<p class=\"has-text-align-center\"><strong>CULTURES NUM\u00c9RIQUES<br>ET CROISEMENT DES CONNAISSANCES<\/strong><\/p>\n\n\n\n<p class=\"has-text-align-center\">Universidade Federal Rural de Pernambuco 18-20 octobre 2017<\/p>\n\n\n\n<h2>Appel \u00e0 communication EUTIC 2017<\/h2>\n\n\n\n<div class=\"wp-container-1 wp-block-buttons\">\n<div class=\"wp-block-button\"><a class=\"wp-block-button__link\" href=\"http:\/\/conference-eutic.org\/wp-content\/uploads\/2023\/03\/final-appel-eutic-2017.pdf\">T\u00e9l\u00e9charger l&#8217;Appel \u00e0 communication<\/a><\/div>\n<\/div>\n\n\n\n<p>Le r\u00e9seau international et interdisciplinaire pour les enjeux et usages des technologies de l\u2019information et de la communication (EUTIC) a le plaisir de vous annoncer son 13<sup>e<\/sup> colloque co-organis\u00e9 par le MICA (Universit\u00e9 Bordeaux- Montaigne) et l\u2019Universit\u00e9 f\u00e9d\u00e9rale rurale de Pernambouc. L&#8217;\u00e9v\u00e9nement aura lieu dans la ville de Recife (parc Dona Lindu), dans l&#8217;\u00c9tat de Pernambuco &#8211; Br\u00e9sil, du 18 au 20 octobre 2017.<\/p>\n\n\n\n<h2><strong>Cultures num\u00e9riques et croisement des connaissances<\/strong><\/h2>\n\n\n\n<p>Cette 13e \u00e9dition du colloque EUTIC posera la question des carrefours, croisements et interconnexions favoris\u00e9s par le d\u00e9veloppement des usages des TIC.<br>Les technologies num\u00e9riques concourent en effet \u00e0 connecter les individus et les syst\u00e8mes et optimisent l&#8217;acc\u00e8s aux ressources en information et en communication en all\u00e9geant consid\u00e9rablement les contraintes de temps et de lieu.<\/p>\n\n\n\n<p>Ainsi nous nous interrogerons sur le r\u00f4le des TIC, notamment en ce qui concerne leurs potentialit\u00e9s d\u2019ouverture, de collaboration et de d\u00e9cloisonnent des domaines et territoires de toutes natures. Passerelles entre les cultures et les mondes, elles sont multidimensionnelles. Leurs impacts sont profonds et se d\u00e9clinent dans de multiples domaines (\u00e9conomique, social, politique, environnemental, culturel, \u00e9ducatif) et \u00e0 de multiples niveaux (local\/ national\/ international). Comment contribuent-elles aux dynamiques de d\u00e9veloppement non seulement au plan \u00e9conomique, mais aussi au plan de la diffusion des connaissances et des \u00e9changes de savoir ?<\/p>\n\n\n\n<p>Le d\u00e9veloppement des r\u00e9seaux a entra\u00een\u00e9 une profonde disruption avec les sch\u00e9mas traditionnels fond\u00e9s sur les circulations unidirectionnelles de l\u2019information. D\u00e9sormais, les interactions, les \u00e9changes transversaux, s\u2019amplifient et blogs, wiki, forums et les r\u00e9seaux sociaux se multiplient et vpient leurs usages se r\u00e9pandre. Il n\u2019est d\u00e9sormais plus possible quel que soit le domaine concern\u00e9, de faire abstraction des usagers, des destinataires, des acteurs de terrain, des citoyens. Ces mouvements d\u2019 intelligence collective qui jouent un r\u00f4le majeur dans la co-cr\u00e9ation, la co-construction de dispositifs et d\u2019actions a pour effet de g\u00e9n\u00e9rer une mont\u00e9e en puissance de la responsabilit\u00e9 de chacun. Cela favorise le pluralisme et la tol\u00e9rance face \u00e0 la complexit\u00e9 des situations sociales et politiques que nous vivons aujourd\u2019hui.<\/p>\n\n\n\n<p><strong>Les contributions, centr\u00e9es sur les cultures num\u00e9riques et les croisements de connaissances via les r\u00e9seaux num\u00e9riques seront propos\u00e9es sur les th\u00e9matiques suivantes: (liste non limitative)<\/strong><\/p>\n\n\n\n<ul><li>\u00c9change et transfert de connaissances, e-learning, e-publication, MOOCs<\/li><li>R\u00e9seaux et jeux vid\u00e9os, serious games<\/li><li>Syst\u00e8mes d&#8217;information et \u00e9volution du r\u00f4le de l\u2019exp\u00e9rience des utilisateurs, crowdsourcing<\/li><li>\u00c9volutions soci\u00e9tales et intelligence collective<\/li><li>Nouveaux mod\u00e8les \u00e9ditoriaux et nouveaux medias<\/li><li>Engagement, \u00e9cocitoyennet\u00e9, d\u00e9veloppement durable<\/li><li>D\u00e9mocratisation des espaces d\u2019expression, m\u00e9dias et r\u00e9seaux sociaux<\/li><li>Identit\u00e9s num\u00e9riques, exp\u00e9rience utilisateur et ergonomie<\/li><li>Internet des objets, r\u00e9alit\u00e9 augment\u00e9e, homme augment\u00e9<\/li><li>Externalisation des ressources, cloud computing<\/li><li>Ouverture des espaces informationnels, open data, archives ouvertes<\/li><li>TIC, interculturalit\u00e9 et d\u00e9bat politique<\/li><li>Communication et apprentissage par la technologie d\u2019assistance<\/li><\/ul>\n\n\n\n<h2><strong>LES COLLOQUES EUTIC<\/strong><\/h2>\n\n\n\n<p>12 colloques ont \u00e9t\u00e9 organis\u00e9s par le r\u00e9seau EUTIC qui d\u00e8s le d\u00e9part a voulu mettre l\u2019accent sur le caract\u00e8re interdisciplinaire des recherches traitant des \u00e9volutions des TIC. Aujourd\u2019hui, le r\u00e9seau s\u2019est enrichi de nouveaux participants et poursuit cette exploration des nombreux points de vue envisageant le r\u00f4le des TIC dans le changement et les transformations des organisations, de la soci\u00e9t\u00e9 et de la culture.<\/p>\n\n\n\n<p><strong>COLLOQUES EUTIC 2005-2015<\/strong><\/p>\n\n\n\n<figure class=\"wp-block-table\"><table><tbody><tr><td>I 22 -23 Septembre 2005<\/td><td>Bordeaux (France)<\/td><td>Aspects sociaux et culturels.<\/td><\/tr><tr><td>II 13-15 septembre 2006<\/td><td>Bruxelles (Belgique)<\/td><td>Reliance sociale &amp; insertion professionnelle<\/td><\/tr><tr><td>III 7-10 novembre 2007<\/td><td>Ath\u00e8nes (Gr\u00e8ce)<\/td><td>M\u00e9dias et diffusion de l\u2019information : vers une soci\u00e9t\u00e9 ouverte<\/td><\/tr><tr><td>IV 23-25 octobre 2008<\/td><td>Lisbonne (Portugal)<\/td><td>Dynamiques de d\u00e9veloppement : au carrefour des mondes<\/td><\/tr><tr><td>V 18-20 novembre 2009<\/td><td>Bordeaux (France)<\/td><td>Strat\u00e9gies du changement dans les syst\u00e8mes et les territoires<\/td><\/tr><tr><td>VI 25-27 novembre 2010<\/td><td>Dakar (S\u00e9n\u00e9gal)<\/td><td>Le num\u00e9rique au c\u0153ur des partenariats<\/td><\/tr><tr><td>VII 23-25novembre 2011<\/td><td>Bruxelles (Belgique)<\/td><td>Transformation des organisations, \u00e9volution des probl\u00e9matiques et mutations fonctionnelles<\/td><\/tr><tr><td>VIII 17-19 octobre 2012<\/td><td>Metz (France)<\/td><td>Publics et pratiques m\u00e9diatiques<\/td><\/tr><tr><td>IX 23-25 Octobre 2013<\/td><td>Waterford (Irlande)<\/td><td>Engagement des publics et des entreprises dans un environnement dynamique. Le r\u00f4le des r\u00e9seaux mondiaux<\/td><\/tr><tr><td>X 29-31 Octobre 2014<\/td><td>Lisbonne (Portugal)<\/td><td>Le r\u00f4le des TIC dans le design des processus informationnels et cognitifs<\/td><\/tr><tr><td>XI 3 et 4 novembre 2015<\/td><td>Fort de France<\/td><td>Les \u00e9cosyst\u00e8mes num\u00e9riques et la d\u00e9mocratisation informationnelle<br><\/td><\/tr><tr><td>XII 15-17 septembre 2016<\/td><td>Zakynthos (Gr\u00e8ce)<\/td><td>Logiques de r\u00e9seaux et nouvelles gouvernances<\/td><\/tr><\/tbody><\/table><\/figure>\n\n\n\n<h2><strong>SOUMISSION DES CONTRIBUTIONS<\/strong><\/h2>\n\n\n\n<p>Les contributions se feront en langue fran\u00e7aise, en langue portugaise ou en langue anglaise. Elles pourront \u00eatre pr\u00e9sent\u00e9es sous forme de communication ou par affiche.<br>Toutes les communications accept\u00e9es seront publi\u00e9es dans les actes du colloque sur support papier ou num\u00e9rique, si l\u2019auteur ou un des auteurs est inscrit et s\u2019il est pr\u00e9sent au colloque.<\/p>\n\n\n\n<p>Les propositions de communication seront faites en fran\u00e7ais, anglais ou portugais (titre, 5 mots cl\u00e9s, 2 pages de proposition, bibliographie. Indiquer le th\u00e8me que vous voulez traiter.<\/p>\n\n\n\n<p>Elles devront \u00eatre ainsi pr\u00e9sent\u00e9es :<br>Premi\u00e8re page: Titre de l\u2019intervention; identification de l\u2019auteur, nom de l\u2019universit\u00e9, organisme, institution ou entreprise d\u2019affiliation, poste occup\u00e9, adresse email, adresse postale, n\u00b0 de t\u00e9l\u00e9phone\/t\u00e9l\u00e9copie.<br>Deuxi\u00e8me page: Titre de l\u2019intervention, 5 mots cl\u00e9s, r\u00e9sum\u00e9 de 5000 \u00e0 6000 caract\u00e8res pr\u00e9sentant le sujet de la contribution, l\u2019encadrement m\u00e9thodologique, le corpus des donn\u00e9es analys\u00e9es et les r\u00e9sultats attendus ou obtenus.<br>Les propositions s\u00e9lectionn\u00e9es seront \u00e9ventuellement soumises \u00e0 des modifications ou r\u00e9visions demand\u00e9es par le comit\u00e9 scientifique.<br>Les propositions devront \u00eatre envoy\u00e9es au plus tard le 15 mai 2017.<br>Pri\u00e8re de mentionner dans l\u2019objet du mail: <strong>\u00ab proposition de communication EUTIC2017 \u00bb<\/strong><\/p>\n\n\n\n<p>Le texte complet devra \u00eatre envoy\u00e9 au plus tard le 15 d\u00e9cembre pour publication des actes suivant les modalit\u00e9s d\u2019organisation \u00e9tablies et publi\u00e9s sur le site web du colloque.<br>Le texte d\u00e9finitif ne d\u00e9passera pas 30 000 caract\u00e8res (sans espaces) + 2 pages de bibliographie. La feuille de style sera \u00e0 t\u00e9l\u00e9charger sur le site du colloque.<\/p>\n\n\n\n<p><strong>LIEU DU COLLOQUE : <\/strong>Parc Dona Lindu, Recife- \u00c9tat de Pernambuco \u2013 Br\u00e9sil.<br><strong>LE SITE DU COLLOQUE : http:\/\/eutic-conference.com.br <\/strong>est en cours de finalisation et indiquera toutes les informations utiles.<\/p>\n\n\n\n<h2><strong>CALENDRIER<\/strong><\/h2>\n\n\n\n<figure class=\"wp-block-table\"><table><tbody><tr><td>Publication de l\u2019appel<\/td><td>04 avril<\/td><\/tr><tr><td>Date limite de r\u00e9ception des propositions de communication<\/td><td>15 mai<\/td><\/tr><tr><td>R\u00e9ponse aux auteurs<\/td><td>15 juin<\/td><\/tr><tr><td>Date limite pour l\u2019envoi du texte d\u00e9finitif avant le colloque<\/td><td>15 septembre<\/td><\/tr><tr><td>Date limite de paiement pour l\u2019inscription au colloque et pour le d\u00eener de cl\u00f4ture<\/td><td>22 septembre<\/td><\/tr><tr><td>Dates du colloque<\/td><td>18-20 octobre<\/td><\/tr><tr><td>Date limite pour l\u2019envoi du texte revu<\/td><td>15 d\u00e9cembre<\/td><\/tr><\/tbody><\/table><\/figure>\n\n\n\n<h2><strong>PAIEMENT, INSCRIPTIONS<\/strong><\/h2>\n\n\n\n<p>Voir les modalit\u00e9s d\u2019inscription sur le site web du colloque.<\/p>\n\n\n\n<figure class=\"wp-block-table\"><table><tbody><tr><td>doctorants<\/td><td>100 \u20ac<\/td><\/tr><tr><td>enseignants et chercheurs professionnels<\/td><td>190 \u20ac<\/td><\/tr><tr><td>repas en soir\u00e9e<\/td><td>250 \u20ac<\/td><\/tr><tr><td>pour \u00e9dition<\/td><td>50 \u20ac<\/td><\/tr><\/tbody><\/table><\/figure>\n\n\n\n<h2><strong>COMITE DE PILOTAGE DU R\u00c9SEAU EUTIC<\/strong><\/h2>\n\n\n\n<ul><li>Lise VIEIRA, Universit\u00e9 Bordeaux- Montaigne &#8211; Coordination du r\u00e9seau (FRA)<\/li><li>Serge AGOSTINELLI, Universit\u00e9 des Antilles (FRA)<\/li><li>Noble AKAM, Universit\u00e9 Bordeaux- Montaigne (FRA)<\/li><li>Didier BALTAZART, Universit\u00e9 de Reims (FRA)<\/li><li>Carlos CORREIA, Universidade Nova de Lisboa (PRT)<\/li><li>Raja FENNICHE DAOUAS, Universit\u00e9 de la Manouba, Tunis (TUN)<\/li><li>Dimitris GOUSCOS, Athens University (GRC)<\/li><li>Claude LISHOU, Universit\u00e9 Cheick Anta Diop (SEN)<\/li><li>Michael MEIMARIS, Athens University (GRC)<\/li><li>Francisco Luis DOS SANTOS, Universidade Federal Rural de Pernambuco, (BRA)<\/li><li>Ren\u00e9 PATESSON, Universit\u00e9 Libre de Bruxelles (BEL)<\/li><li>Irene TOM\u00c9, Universidade Nova de Lisboa (PRT) <\/li><\/ul>\n\n\n\n<h2><strong>COMITE SCIENTIFIQUE EUTIC 2017<\/strong><\/h2>\n\n\n\n<ul><li>S\u00e9rgio ABRANCHES, Universidade Federal de Pernambuco &#8211; Recife (BR)<\/li><li>Serge AGOSTINELLI, Universit\u00e9 des Antilles (FRA)<\/li><li>Noble AKAM, Universit\u00e9 Bordeaux- Montaigne (FRA)<\/li><li>Isabel AL\u00c7ADA, Universidade Nova de Lisboa (PRT)<\/li><li>S\u00f4nia ALVES FRAN\u00c7A, Universidade Federal Rural de Pernambuco &#8211; Recife (BR).<\/li><li>Rodolfo ARA\u00daJO, Universidade Federal Rural de Pernambuco &#8211; Recife (BR)<\/li><li>Yves ARDOUREL, Universit\u00e9 Toulouse 2 (FRA)<\/li><li>Juliano BANDEIRA, Universidade Federal de Pernmabuco &#8211; Recife (BR).<\/li><li>Didier BALTAZART, Universit\u00e9 de Reims (FRA)<\/li><li>Iranilson BURITI, Universidade Federal de Campina Grande \u2013 Campina Grande (BR).<\/li><li>Patr\u00edcia CABRAL DE AZEVEDO RESTELLI TEDESCO, Universidade Federal de Pernambuco &#8211; Recife (BR)<\/li><li>Anamelea de CAMPOS PINTO, Universidade Federal de Alagoas (UFAL) &#8211; Macei\u00f3 (BR)<\/li><li>Regina COELI GOMES NASCIMENTO.<\/li><li>Peter CAREW , Waterford Institute of Technology (IRL)<\/li><li>Dimitris CHARITOS, Athens University (GRC)<\/li><li>Carlos CORREIA, Universidade Nova de Lisboa (PRT)<\/li><li>Juliana Regueira Basto DINIZ, Universidade Federal Rural de Pernambuco &#8211; Recife (BR)<\/li><li>Ioannis DRAGONAS, Technological Educational Institute of Ionian Islands (GRC)<\/li><li>Raja FENNICHE DAOUAS, Universit\u00e9 de la Manouba, Tunis (TUN)<\/li><li>Monica FOLENA, Universidade Federal Rural de Pernambuco, Recife (BR)<\/li><li>Fernando da FONSECA DE SOUZA, Universidade Federal de Pernambuco &#8211; Recife (BR)<\/li><li>Marcos GALINDO, Universidade Federal de Pernambuco &#8211; Recife (BR)<\/li><li>Andreas GIANNAKOULOPOULOS, Ionian University (GRC)<\/li><li>Dimitris GOUSCOS, Athens University (GRC)<\/li><li>Claude LISHOU, Universit\u00e9 Cheick Anta Diop (SEN)<\/li><li>M\u00e1rcia KARINA, Universidade Federal Rural de Pernambuco &#8211; Recife (BR)<\/li><li>Maria Cristina MATTEUCCI, Universit\u00e9 de Psychologie de Bologne ( IT)<\/li><li>Michael MEIMARIS, Athens University (GRC)<\/li><li>Costas MOURLAS, Athens University (GRC)<\/li><li>Francisco MADEIRO, Universidade Cat\u00f3lica de Pernambuco &#8211; Recife (BR)<\/li><li>Rodrigo NONAMOR de Souza Mariano, Universidade Federal Rural de Pernambuco &#8211; Recife (BR)<\/li><li>Maria do Socorro de Lima OLIVEIRA, Universidade Federal Rural de Pernambuco, Recife (BR)<\/li><li>Maria Auxiliadora Soares PADILHA, Universidade Federal de Pernambuco &#8211; Recife (BR)<\/li><li>Ren\u00e9 PATESSON, Universit\u00e9 Libre de Bruxelles (BEL)<\/li><li>Taciana PONTUAL, Universidade Federal de Pernambuco &#8211; Recife (BR) &#8211; Respons\u00e1vel pela organiza\u00e7\u00e3o de trabalhos internacionais<\/li><li>Marizete Silva SANTOS, Universidade Federal Rural de Pernambuco &#8211; Recife (BR) &#8211; Respons\u00e1vel pela organiza\u00e7\u00e3o de trabalhos do Brasil (autores locais)<\/li><li>Pierre-Michel RICCIO Ecole des mines d\u2019Al\u00e8s (FRA)<\/li><li>Soufiane ROUISSI, Universit\u00e9 Bordeaux- Montaigne (FRA)<\/li><li>Francisco Luis DOS SANTOS, Universidade Federal Rural de Pernambuco, (BRA)<\/li><li>Larry STAPPLETON, Waterford Institute of Technology (IRL)<\/li><li>Carlo TOMASETTO, Universit\u00e9 de Psychologie de Bologne ( IT)<\/li><li>Irene TOM\u00c9, Universidade Nova de Lisboa (PRT)<\/li><li>Lise VIEIRA, Universit\u00e9 Bordeaux- Montaigne (FRA)<\/li><li>Luiz VITAL, Prefeitura do Recife &#8211; Recife (BR) <\/li><\/ul>\n\n\n\n<h2><strong>COMITE D\u2019ORGANISATION EUTIC 2017<\/strong><\/h2>\n\n\n\n<p>Coordonn\u00e9 par Universidade Federal Rural de Pernambuco. Professeur Francisco Luiz DOS SANTOS<\/p>\n\n\n\n<ul><li>Juliana Regueira Basto DINIZ<\/li><li>M\u00e1rcia KARINA<\/li><li>Marizete Silva SANTOS<\/li><li>Rodolfo ARAUJO<\/li><li>Rodrigo NONAMOR<\/li><li>Taciana PONTUAL<\/li><\/ul>\n","protected":false},"excerpt":{"rendered":"<p>XIIIe Colloque International R\u00e9seau de recherche europ\u00e9en et pluridisciplinaire sur les enjeux et usages des TIC CULTURES NUM\u00c9RIQUESET CROISEMENT DES CONNAISSANCES Universidade Federal Rural de Pernambuco 18-20 octobre 2017 Appel \u00e0 communication EUTIC 2017 Le r\u00e9seau international et interdisciplinaire pour &hellip; <a href=\"http:\/\/conference-eutic.org\/en\/eutic-2017\/\">Continue reading <span class=\"meta-nav\">&rarr;<\/span><\/a><\/p>\n","protected":false},"author":1,"featured_media":0,"parent":0,"menu_order":0,"comment_status":"closed","ping_status":"closed","template":"","meta":[],"translation":{"provider":"WPGlobus","version":"2.8.11","language":"en","enabled_languages":["fr","en"],"languages":{"fr":{"title":true,"content":true,"excerpt":false},"en":{"title":false,"content":false,"excerpt":false}}},"_links":{"self":[{"href":"http:\/\/conference-eutic.org\/en\/wp-json\/wp\/v2\/pages\/972"}],"collection":[{"href":"http:\/\/conference-eutic.org\/en\/wp-json\/wp\/v2\/pages"}],"about":[{"href":"http:\/\/conference-eutic.org\/en\/wp-json\/wp\/v2\/types\/page"}],"author":[{"embeddable":true,"href":"http:\/\/conference-eutic.org\/en\/wp-json\/wp\/v2\/users\/1"}],"replies":[{"embeddable":true,"href":"http:\/\/conference-eutic.org\/en\/wp-json\/wp\/v2\/comments?post=972"}],"version-history":[{"count":3,"href":"http:\/\/conference-eutic.org\/en\/wp-json\/wp\/v2\/pages\/972\/revisions"}],"predecessor-version":[{"id":979,"href":"http:\/\/conference-eutic.org\/en\/wp-json\/wp\/v2\/pages\/972\/revisions\/979"}],"wp:attachment":[{"href":"http:\/\/conference-eutic.org\/en\/wp-json\/wp\/v2\/media?parent=972"}],"curies":[{"name":"wp","href":"https:\/\/api.w.org\/{rel}","templated":true}]}}