{"id":1130,"date":"2024-03-26T19:08:10","date_gmt":"2024-03-26T18:08:10","guid":{"rendered":"http:\/\/conference-eutic.org\/?page_id=1130"},"modified":"2024-06-28T12:04:05","modified_gmt":"2024-06-28T10:04:05","slug":"eutic-2024","status":"publish","type":"page","link":"https:\/\/conference-eutic.org\/en\/eutic-2024\/","title":{"rendered":"EUTIC 2024"},"content":{"rendered":"\n<h2 class=\"has-text-align-center\"><strong>19<sup>e <\/sup>CONF\u00c9RENCE INTERNATIONALE EUTIC 2024<\/strong><\/h2>\n\n\n\n<p class=\"has-text-align-center\">R\u00e9seau de recherche international et pluridisciplinaire sur les enjeux et usages des TIC<\/p>\n\n\n\n<div class=\"wp-block-file alignleft\"><a id=\"wp-block-file--media-2bc60de0-7029-42ce-92dd-bcbd76010249\" href=\"http:\/\/conference-eutic.org\/wp-content\/uploads\/2024\/03\/APPEL-EUTIC-2024-fr-.pdf\">APPEL (fr)<\/a><a href=\"http:\/\/conference-eutic.org\/wp-content\/uploads\/2024\/03\/APPEL-EUTIC-2024-fr-.pdf\" class=\"wp-block-file__button\" download aria-describedby=\"wp-block-file--media-2bc60de0-7029-42ce-92dd-bcbd76010249\">T\u00e9l\u00e9charger<\/a><\/div>\n\n\n\n<div class=\"wp-block-file alignleft\"><a id=\"wp-block-file--media-31056f58-a9a8-4730-bdfe-311619e6c6c6\" href=\"http:\/\/conference-eutic.org\/wp-content\/uploads\/2024\/03\/APPEL-EUTIC-2024-GB-.pdf\">APPEL (en)<\/a><a href=\"http:\/\/conference-eutic.org\/wp-content\/uploads\/2024\/03\/APPEL-EUTIC-2024-GB-.pdf\" class=\"wp-block-file__button\" download aria-describedby=\"wp-block-file--media-31056f58-a9a8-4730-bdfe-311619e6c6c6\">T\u00e9l\u00e9charger<\/a><\/div>\n\n\n\n<div class=\"wp-block-file alignleft\"><a id=\"wp-block-file--media-2554b151-dfb5-4011-ac3f-5386c9e613c0\" href=\"http:\/\/conference-eutic.org\/wp-content\/uploads\/2024\/03\/APPEL-EUTIC-2024-es-.pdf\">APPEL (es)<\/a><a href=\"http:\/\/conference-eutic.org\/wp-content\/uploads\/2024\/03\/APPEL-EUTIC-2024-es-.pdf\" class=\"wp-block-file__button\" download aria-describedby=\"wp-block-file--media-2554b151-dfb5-4011-ac3f-5386c9e613c0\">T\u00e9l\u00e9charger<\/a><\/div>\n\n\n\n<p><\/p>\n\n\n\n<hr class=\"wp-block-separator\"\/>\n\n\n\n<p>Nous avons le plaisir de vous annoncer que le d\u00e9lai de propositions de communication pour la Conf\u00e9rence internationale \u00e0 T\u00e9n\u00e9rife a \u00e9t\u00e9 prolong\u00e9e :<\/p>\n\n\n\n<ul><li>15 juin 2024 : Date limite pour la soumission des contributions<\/li><li>Le d\u00e9lai d&#8217;envoi des propositions est report\u00e9 au <strong>8 juillet<\/strong><\/li><\/ul>\n\n\n\n<p>A NOTER :<\/p>\n\n\n\n<ul><li>Certaines interventions pourront \u00eatre faites en visio conf\u00e9rence sur demande aupr\u00e8s des organisateurs ( dans ce cas les droits d&#8217; inscription restent dus)<\/li><li>Conditions accord\u00e9es aux adh\u00e9rents de l&#8217;association EUTIC pour le montant de leur inscription.<\/li><\/ul>\n\n\n\n<h3 class=\"has-text-align-center\"><strong><em>G\u00c9N\u00c9RATIONS NUM\u00c9RIQUES : <\/em><\/strong><br><strong><em>COMPLEXIT\u00c9, CONTROVERSES ET D\u00c9FIS<\/em><\/strong><\/h3>\n\n\n\n<p class=\"has-text-align-center\">21-23 octobre 2024<\/p>\n\n\n\n<div class=\"wp-block-image\"><figure class=\"aligncenter size-full is-resized\"><img loading=\"lazy\" src=\"http:\/\/conference-eutic.org\/wp-content\/uploads\/2024\/03\/EUTIC-ULL-1-768x408-1.png\" alt=\"\" class=\"wp-image-1132\" width=\"501\" height=\"266\" srcset=\"https:\/\/conference-eutic.org\/wp-content\/uploads\/2024\/03\/EUTIC-ULL-1-768x408-1.png 768w, https:\/\/conference-eutic.org\/wp-content\/uploads\/2024\/03\/EUTIC-ULL-1-768x408-1-300x159.png 300w\" sizes=\"(max-width: 501px) 100vw, 501px\" \/><\/figure><\/div>\n\n\n\n<p class=\"has-text-align-center\"><strong>Universit\u00e9 de La Laguna<\/strong><\/p>\n\n\n\n<p class=\"has-text-align-center\">Site web de la conf\u00e9rence : <strong> <\/strong><a href=\"https:\/\/eutic2024.org\/fr\" target=\"_blank\" rel=\"noreferrer noopener\">https:\/\/eutic2024.org\/fr<\/a><strong> <\/strong><br><a href=\"mailto:eutic2024@ull.edu.es\">eutic2024@ull.edu.es<\/a><\/p>\n\n\n\n<figure class=\"wp-block-image size-large\"><img loading=\"lazy\" width=\"1024\" height=\"367\" src=\"http:\/\/conference-eutic.org\/wp-content\/uploads\/2024\/03\/LogoPartnerEUTIC2024-1024x367.png\" alt=\"\" class=\"wp-image-1150\" srcset=\"https:\/\/conference-eutic.org\/wp-content\/uploads\/2024\/03\/LogoPartnerEUTIC2024-1024x367.png 1024w, https:\/\/conference-eutic.org\/wp-content\/uploads\/2024\/03\/LogoPartnerEUTIC2024-300x107.png 300w, https:\/\/conference-eutic.org\/wp-content\/uploads\/2024\/03\/LogoPartnerEUTIC2024-768x275.png 768w, https:\/\/conference-eutic.org\/wp-content\/uploads\/2024\/03\/LogoPartnerEUTIC2024.png 1148w\" sizes=\"(max-width: 1024px) 100vw, 1024px\" \/><\/figure>\n","protected":false},"excerpt":{"rendered":"<p>19e CONF\u00c9RENCE INTERNATIONALE EUTIC 2024 R\u00e9seau de recherche international et pluridisciplinaire sur les enjeux et usages des TIC Nous avons le plaisir de vous annoncer que le d\u00e9lai de propositions de communication pour la Conf\u00e9rence internationale \u00e0 T\u00e9n\u00e9rife a \u00e9t\u00e9 &hellip; <a href=\"https:\/\/conference-eutic.org\/en\/eutic-2024\/\">Continue reading <span class=\"meta-nav\">&rarr;<\/span><\/a><\/p>\n","protected":false},"author":1,"featured_media":0,"parent":0,"menu_order":0,"comment_status":"closed","ping_status":"closed","template":"","meta":[],"translation":{"provider":"WPGlobus","version":"2.8.11","language":"en","enabled_languages":["fr","en"],"languages":{"fr":{"title":true,"content":true,"excerpt":false},"en":{"title":false,"content":false,"excerpt":false}}},"_links":{"self":[{"href":"https:\/\/conference-eutic.org\/en\/wp-json\/wp\/v2\/pages\/1130"}],"collection":[{"href":"https:\/\/conference-eutic.org\/en\/wp-json\/wp\/v2\/pages"}],"about":[{"href":"https:\/\/conference-eutic.org\/en\/wp-json\/wp\/v2\/types\/page"}],"author":[{"embeddable":true,"href":"https:\/\/conference-eutic.org\/en\/wp-json\/wp\/v2\/users\/1"}],"replies":[{"embeddable":true,"href":"https:\/\/conference-eutic.org\/en\/wp-json\/wp\/v2\/comments?post=1130"}],"version-history":[{"count":15,"href":"https:\/\/conference-eutic.org\/en\/wp-json\/wp\/v2\/pages\/1130\/revisions"}],"predecessor-version":[{"id":1219,"href":"https:\/\/conference-eutic.org\/en\/wp-json\/wp\/v2\/pages\/1130\/revisions\/1219"}],"wp:attachment":[{"href":"https:\/\/conference-eutic.org\/en\/wp-json\/wp\/v2\/media?parent=1130"}],"curies":[{"name":"wp","href":"https:\/\/api.w.org\/{rel}","templated":true}]}}