{"id":1155,"date":"2024-04-05T12:12:34","date_gmt":"2024-04-05T10:12:34","guid":{"rendered":"http:\/\/conference-eutic.org\/?page_id=1155"},"modified":"2024-12-09T15:01:40","modified_gmt":"2024-12-09T14:01:40","slug":"association-eutic","status":"publish","type":"page","link":"https:\/\/conference-eutic.org\/en\/association-eutic\/","title":{"rendered":"Association EUTIC"},"content":{"rendered":"\n<p>L&#8217;Association EUTIC a \u00e9t\u00e9 cr\u00e9\u00e9e en juin 2023 pour donner une meilleure assise aux activit\u00e9s scientifiques du r\u00e9seau. <strong>L&#8217;adh\u00e9sion \u00e0 l&#8217;association permet d&#8217;obtenir un tarif r\u00e9duit EUTIC Partenaires pour l&#8217;inscription \u00e0 la Conf\u00e9rence internationale EUTIC de l&#8217;ann\u00e9e<\/strong>, ainsi qu&#8217;un acc\u00e8s \u00e0 des s\u00e9minaires en ligne. Au moment de l&#8217;inscription en ligne, il vous sera propos\u00e9 de joindre un fichier. C&#8217;est \u00e0 ce moment l\u00e0 que vous devez joindre l&#8217;attestation d&#8217;adh\u00e9sion \u00e0 L&#8217;association EUTIC qui vous sera envoy\u00e9e, afin que votre inscription au tarif r\u00e9duit Partenaires soit prise en compte.<\/p>\n\n\n\n<div class=\"wp-block-file\"><a id=\"wp-block-file--media-925e0582-adc0-448a-a73c-87f9a822c240\" href=\"http:\/\/conference-eutic.org\/wp-content\/uploads\/2024\/04\/Bulletin-adhe\u0301sion-membres-correspondants.pdf\">Bulletin d&#8217;adhe\u0301sion \u00e0 l&#8217;Association EUTIC<\/a><a href=\"http:\/\/conference-eutic.org\/wp-content\/uploads\/2024\/04\/Bulletin-adhe\u0301sion-membres-correspondants.pdf\" class=\"wp-block-file__button\" download aria-describedby=\"wp-block-file--media-925e0582-adc0-448a-a73c-87f9a822c240\">T\u00e9l\u00e9charger<\/a><\/div>\n\n\n\n<div class=\"wp-block-file\"><a id=\"wp-block-file--media-6fb9ab86-16af-4a22-b5cf-70d915fe8c31\" href=\"http:\/\/conference-eutic.org\/wp-content\/uploads\/2023\/10\/Statuts-_EUTIC-FINAL-signed.pdf\">Statuts de l&#8217;Association EUTIC<\/a><a href=\"http:\/\/conference-eutic.org\/wp-content\/uploads\/2023\/10\/Statuts-_EUTIC-FINAL-signed.pdf\" class=\"wp-block-file__button\" download aria-describedby=\"wp-block-file--media-6fb9ab86-16af-4a22-b5cf-70d915fe8c31\">T\u00e9l\u00e9charger<\/a><\/div>\n\n\n\n<h2>Membres du bureau<\/h2>\n\n\n\n<ul><li>Pr\u00e9sidente : Lise Vieira<\/li><li>Vice-pr\u00e9sidents : Ren\u00e9 Patesson, Carlos Correia, Michel Meimaris<\/li><li>Secr\u00e9taire : Noble Akam<\/li><li>Secr\u00e9taire adjointe : Annick Schott<\/li><li>Tr\u00e9sorier : Julien Vieira<\/li><\/ul>\n\n\n\n<p><\/p>\n","protected":false},"excerpt":{"rendered":"<p>L&#8217;Association EUTIC a \u00e9t\u00e9 cr\u00e9\u00e9e en juin 2023 pour donner une meilleure assise aux activit\u00e9s scientifiques du r\u00e9seau. L&#8217;adh\u00e9sion \u00e0 l&#8217;association permet d&#8217;obtenir un tarif r\u00e9duit EUTIC Partenaires pour l&#8217;inscription \u00e0 la Conf\u00e9rence internationale EUTIC de l&#8217;ann\u00e9e, ainsi qu&#8217;un acc\u00e8s &hellip; <a href=\"https:\/\/conference-eutic.org\/en\/association-eutic\/\">Continue reading <span class=\"meta-nav\">&rarr;<\/span><\/a><\/p>\n","protected":false},"author":1,"featured_media":0,"parent":0,"menu_order":0,"comment_status":"closed","ping_status":"closed","template":"","meta":[],"translation":{"provider":"WPGlobus","version":"2.8.11","language":"en","enabled_languages":["fr","en"],"languages":{"fr":{"title":true,"content":true,"excerpt":false},"en":{"title":false,"content":false,"excerpt":false}}},"_links":{"self":[{"href":"https:\/\/conference-eutic.org\/en\/wp-json\/wp\/v2\/pages\/1155"}],"collection":[{"href":"https:\/\/conference-eutic.org\/en\/wp-json\/wp\/v2\/pages"}],"about":[{"href":"https:\/\/conference-eutic.org\/en\/wp-json\/wp\/v2\/types\/page"}],"author":[{"embeddable":true,"href":"https:\/\/conference-eutic.org\/en\/wp-json\/wp\/v2\/users\/1"}],"replies":[{"embeddable":true,"href":"https:\/\/conference-eutic.org\/en\/wp-json\/wp\/v2\/comments?post=1155"}],"version-history":[{"count":8,"href":"https:\/\/conference-eutic.org\/en\/wp-json\/wp\/v2\/pages\/1155\/revisions"}],"predecessor-version":[{"id":1244,"href":"https:\/\/conference-eutic.org\/en\/wp-json\/wp\/v2\/pages\/1155\/revisions\/1244"}],"wp:attachment":[{"href":"https:\/\/conference-eutic.org\/en\/wp-json\/wp\/v2\/media?parent=1155"}],"curies":[{"name":"wp","href":"https:\/\/api.w.org\/{rel}","templated":true}]}}