{"id":1162,"date":"2024-04-05T12:22:37","date_gmt":"2024-04-05T10:22:37","guid":{"rendered":"http:\/\/conference-eutic.org\/?page_id=1162"},"modified":"2024-04-19T18:12:54","modified_gmt":"2024-04-19T16:12:54","slug":"reseau-eutic","status":"publish","type":"page","link":"https:\/\/conference-eutic.org\/en\/reseau-eutic\/","title":{"rendered":"R\u00e9seau EUTIC"},"content":{"rendered":"\n<p>Cr\u00e9\u00e9 et pilot\u00e9 au laboratoire <a href=\"https:\/\/mica.u-bordeaux-montaigne.fr\/info-com\/\">MICA &#8211; Axe ICIN de l\u2019Universit\u00e9&nbsp;Bordeaux-Montaigne<\/a>,&nbsp;le r\u00e9seau EUTIC&nbsp;est n\u00e9 des partenariats que nous avons mis en place dans le&nbsp;cadre de plusieurs programmes internationaux. Les diff\u00e9rents projets d\u00e9velopp\u00e9s sont centr\u00e9s sur les enjeux sociaux et culturels des&nbsp;technologies de l\u2019information et de la communication et&nbsp;s\u2019attachent \u00e0 prendre en compte&nbsp;l\u2019insertion sociale des citoyens ainsi que l\u2019\u00e9galit\u00e9 des chances pour l\u2019acc\u00e8s \u00e0&nbsp;l\u2019information et \u00e0 la connaissance.&nbsp;<\/p>\n\n\n\n<p>D\u00e8s le d\u00e9part, nous avons voulu mettre l\u2019accent sur le caract\u00e8re interdisciplinaire des recherches traitant des \u00e9volutions g\u00e9n\u00e9r\u00e9es par le d\u00e9veloppement du num\u00e9rique.&nbsp;&nbsp;<\/p>\n\n\n\n<p>Aujourd\u2019hui, le r\u00e9seau s\u2019est enrichi de nouveaux participants et poursuit cette exploration des nombreux points de vue envisageant le r\u00f4le des TIC dans le changement et les transformations des organisations, de la soci\u00e9t\u00e9 et de la culture.&nbsp;<\/p>\n\n\n\n<p>Le r\u00e9seau s\u2019est constitu\u00e9 en <a href=\"http:\/\/conference-eutic.org\/association-eutic\/\">association en juin 2023<\/a>.<\/p>\n\n\n\n<h2>Membres du Comit\u00e9 de Pilotage<\/h2>\n\n\n\n<ul><li>Lise VIEIRA, Universit\u00e9 Bordeaux-Montaigne &#8211; Network Coordinator (FR)<\/li><li>Serge AGOSTINELLI, Universit\u00e9 des Antilles (FR)<\/li><li>Noble AKAM, Universit\u00e9 Bordeaux-Montaigne (FR)<\/li><li>Didier BALTAZART, Universit\u00e9 de Reims (FR)<\/li><li>Carlos CORREIA, Universidade Nova de Lisboa (PT)<\/li><li>Rodrigo DE SOUZA, Universidade Federal Rural de Pernambuco, (BRA)<\/li><li>Raja FENNICHE DAOUAS, Universit\u00e9 de la Manouba, Tunis (TUN)<\/li><li>Andreas GIANNAKOULOPOULOS, Ionian University (GR)<\/li><li>Dimitris GOUSCOS, University of Athens (GR)<\/li><li>Claude LISHOU, Universit\u00e9 Cheick Anta Diop (SEN)<\/li><li>Michael MEIMARIS, University of Athens (GR)<\/li><li>Ren\u00e9 PATESSON, Universit\u00e9 Libre de Bruxelles (BEL)<\/li><li>Irene TOM\u00c9, Universidade Nova de Lisboa (PT)<\/li><\/ul>\n\n\n\n<h2>Universit\u00e9s partenaires<\/h2>\n\n\n\n<ul><li><a href=\"https:\/\/www.u-bordeaux-montaigne.fr\/\">Universit\u00e9 Bordeaux-Montaigne<\/a> &#8211; <a href=\"https:\/\/mica.u-bordeaux-montaigne.fr\/\">MICA<\/a> &#8211; France<\/li><li><a href=\"https:\/\/en.uoa.gr\/\">Athens University<\/a> &#8211; Gr\u00e8ce<\/li><li><a href=\"https:\/\/www.unl.pt\/\">Universidade Nova de Lisboa<\/a> &#8211; Portugal<\/li><li><a href=\"https:\/\/www.ulb.be\/\">Universit\u00e9 Libre de Bruxelles<\/a> &#8211; Belgique<\/li><li><a href=\"https:\/\/www.ucad.sn\/\">Universit\u00e9 Cheick Anta Diop de Dakar<\/a> &#8211; S\u00e9n\u00e9gal<\/li><li><a href=\"https:\/\/www.ufrpe.br\/\">Universidade Federal rural Recife<\/a> &#8211; Br\u00e9sil<\/li><li><a href=\"http:\/\/www.uma.rnu.tn\/\">Universit\u00e9 de la Manouba de Tunis<\/a> &#8211; <a href=\"http:\/\/www.isd.rnu.tn\/\">Institut Sup\u00e9rieur de Documentation<\/a> &#8211; Tunisie<\/li><li><a href=\"http:\/\/www.univ-ag.fr\/\">Universit\u00e9 des Antilles<\/a> &#8211; France<\/li><li><a href=\"https:\/\/ionio.gr\/en\/\">Ionian University<\/a> &#8211; <a href=\"https:\/\/avarts.ionio.gr\/en\/\">Audio Visual Arts<\/a> &#8211; Gr\u00e8ce<\/li><li><a href=\"https:\/\/www.ull.es\/\">Universidad de la Laguna<\/a> &#8211; Espagne<\/li><\/ul>\n\n\n\n<p><\/p>\n","protected":false},"excerpt":{"rendered":"<p>Cr\u00e9\u00e9 et pilot\u00e9 au laboratoire MICA &#8211; Axe ICIN de l\u2019Universit\u00e9&nbsp;Bordeaux-Montaigne,&nbsp;le r\u00e9seau EUTIC&nbsp;est n\u00e9 des partenariats que nous avons mis en place dans le&nbsp;cadre de plusieurs programmes internationaux. Les diff\u00e9rents projets d\u00e9velopp\u00e9s sont centr\u00e9s sur les enjeux sociaux et culturels &hellip; <a href=\"https:\/\/conference-eutic.org\/en\/reseau-eutic\/\">Continue reading <span class=\"meta-nav\">&rarr;<\/span><\/a><\/p>\n","protected":false},"author":1,"featured_media":0,"parent":0,"menu_order":0,"comment_status":"closed","ping_status":"closed","template":"","meta":[],"translation":{"provider":"WPGlobus","version":"2.8.11","language":"en","enabled_languages":["fr","en"],"languages":{"fr":{"title":true,"content":true,"excerpt":false},"en":{"title":false,"content":false,"excerpt":false}}},"_links":{"self":[{"href":"https:\/\/conference-eutic.org\/en\/wp-json\/wp\/v2\/pages\/1162"}],"collection":[{"href":"https:\/\/conference-eutic.org\/en\/wp-json\/wp\/v2\/pages"}],"about":[{"href":"https:\/\/conference-eutic.org\/en\/wp-json\/wp\/v2\/types\/page"}],"author":[{"embeddable":true,"href":"https:\/\/conference-eutic.org\/en\/wp-json\/wp\/v2\/users\/1"}],"replies":[{"embeddable":true,"href":"https:\/\/conference-eutic.org\/en\/wp-json\/wp\/v2\/comments?post=1162"}],"version-history":[{"count":5,"href":"https:\/\/conference-eutic.org\/en\/wp-json\/wp\/v2\/pages\/1162\/revisions"}],"predecessor-version":[{"id":1187,"href":"https:\/\/conference-eutic.org\/en\/wp-json\/wp\/v2\/pages\/1162\/revisions\/1187"}],"wp:attachment":[{"href":"https:\/\/conference-eutic.org\/en\/wp-json\/wp\/v2\/media?parent=1162"}],"curies":[{"name":"wp","href":"https:\/\/api.w.org\/{rel}","templated":true}]}}