{"id":1326,"date":"2026-04-13T18:16:14","date_gmt":"2026-04-13T16:16:14","guid":{"rendered":"https:\/\/conference-eutic.org\/?page_id=1326"},"modified":"2026-04-16T15:05:59","modified_gmt":"2026-04-16T13:05:59","slug":"eutic-2026","status":"publish","type":"page","link":"https:\/\/conference-eutic.org\/en\/","title":{"rendered":"EUTIC 2026"},"content":{"rendered":"\n<p class=\"has-text-align-center\"><mark style=\"background-color:rgba(0, 0, 0, 0)\" class=\"has-inline-color has-vivid-red-color\">Nouveaut\u00e9 : Appel \u00e0 communication pour\u00a0 Eutic 2026 (\u00e0\u00a0t\u00e9l\u00e9charger)<\/mark><\/p>\n\n\n\n<div class=\"wp-container-1 wp-block-buttons\">\n<div class=\"wp-block-button\"><a class=\"wp-block-button__link\" href=\"http:\/\/conference-eutic.org\/wp-content\/uploads\/2026\/04\/FR-APPEL-Colloque-international-EUTIC-2026.pdf\" target=\"_blank\" rel=\"noreferrer noopener\">Appel FR<\/a><\/div>\n\n\n\n<div class=\"wp-block-button\"><a class=\"wp-block-button__link\" href=\"http:\/\/conference-eutic.org\/wp-content\/uploads\/2026\/04\/GB-APPEL-Colloque-international-EUTIC-2026-copie.pdf\" target=\"_blank\" rel=\"noreferrer noopener\">Appel GB<\/a><\/div>\n\n\n\n<div class=\"wp-block-button\"><a class=\"wp-block-button__link\" href=\"http:\/\/conference-eutic.org\/wp-content\/uploads\/2026\/04\/ESP-APPEL-Colloque-international-EUTIC-2026-copie.pdf\" target=\"_blank\" rel=\"noreferrer noopener\">Appel ES<\/a><\/div>\n<\/div>\n\n\n\n<h2 class=\"has-text-align-center\"><strong>21<sup>e <\/sup>CONF\u00c9RENCE INTERNATIONALE EUTIC 2026<\/strong><\/h2>\n\n\n\n<p class=\"has-text-align-center\">(R\u00e9seau de recherche international et pluridisciplinaire sur les enjeux et usages des TIC)<\/p>\n\n\n\n<h2 class=\"has-text-align-center\"><em>Convergence et m\u00e9diations num\u00e9riques : <\/em><br><em>Co-construire dans la pluralit\u00e9<\/em><\/h2>\n\n\n\n<p class=\"has-text-align-center\">Universit\u00e9 de N\u00eemes &#8211; Site Vauban<\/p>\n\n\n\n<p class=\"has-text-align-center\"><strong>3 et 4 novembre 2026<\/strong><\/p>\n\n\n\n<p class=\"has-text-align-center\"><a href=\"https:\/\/conference-eutic.org\/association-eutic\/\"><strong>Adh\u00e9sion \u00e0 l\u2019association EUTIC<\/strong><\/a><\/p>\n\n\n\n<figure class=\"wp-block-image size-large\"><img loading=\"lazy\" width=\"1024\" height=\"684\" src=\"http:\/\/conference-eutic.org\/wp-content\/uploads\/2026\/04\/partenaires2026-1024x684.png\" alt=\"\" class=\"wp-image-1330\" srcset=\"https:\/\/conference-eutic.org\/wp-content\/uploads\/2026\/04\/partenaires2026-1024x684.png 1024w, https:\/\/conference-eutic.org\/wp-content\/uploads\/2026\/04\/partenaires2026-300x200.png 300w, https:\/\/conference-eutic.org\/wp-content\/uploads\/2026\/04\/partenaires2026-768x513.png 768w, https:\/\/conference-eutic.org\/wp-content\/uploads\/2026\/04\/partenaires2026-1536x1025.png 1536w, https:\/\/conference-eutic.org\/wp-content\/uploads\/2026\/04\/partenaires2026.png 1808w\" sizes=\"(max-width: 1024px) 100vw, 1024px\" \/><\/figure>\n","protected":false},"excerpt":{"rendered":"<p>Nouveaut\u00e9 : Appel \u00e0 communication pour\u00a0 Eutic 2026 (\u00e0\u00a0t\u00e9l\u00e9charger) 21e CONF\u00c9RENCE INTERNATIONALE EUTIC 2026 (R\u00e9seau de recherche international et pluridisciplinaire sur les enjeux et usages des TIC) Convergence et m\u00e9diations num\u00e9riques : Co-construire dans la pluralit\u00e9 Universit\u00e9 de N\u00eemes &#8211; &hellip; <a href=\"https:\/\/conference-eutic.org\/en\/\">Continue reading <span class=\"meta-nav\">&rarr;<\/span><\/a><\/p>\n","protected":false},"author":1,"featured_media":0,"parent":0,"menu_order":0,"comment_status":"closed","ping_status":"closed","template":"","meta":[],"translation":{"provider":"WPGlobus","version":"2.8.11","language":"en","enabled_languages":["fr","en"],"languages":{"fr":{"title":true,"content":true,"excerpt":false},"en":{"title":false,"content":false,"excerpt":false}}},"_links":{"self":[{"href":"https:\/\/conference-eutic.org\/en\/wp-json\/wp\/v2\/pages\/1326"}],"collection":[{"href":"https:\/\/conference-eutic.org\/en\/wp-json\/wp\/v2\/pages"}],"about":[{"href":"https:\/\/conference-eutic.org\/en\/wp-json\/wp\/v2\/types\/page"}],"author":[{"embeddable":true,"href":"https:\/\/conference-eutic.org\/en\/wp-json\/wp\/v2\/users\/1"}],"replies":[{"embeddable":true,"href":"https:\/\/conference-eutic.org\/en\/wp-json\/wp\/v2\/comments?post=1326"}],"version-history":[{"count":7,"href":"https:\/\/conference-eutic.org\/en\/wp-json\/wp\/v2\/pages\/1326\/revisions"}],"predecessor-version":[{"id":1350,"href":"https:\/\/conference-eutic.org\/en\/wp-json\/wp\/v2\/pages\/1326\/revisions\/1350"}],"wp:attachment":[{"href":"https:\/\/conference-eutic.org\/en\/wp-json\/wp\/v2\/media?parent=1326"}],"curies":[{"name":"wp","href":"https:\/\/api.w.org\/{rel}","templated":true}]}}