{"id":55,"date":"2018-02-20T09:23:05","date_gmt":"2018-02-20T08:23:05","guid":{"rendered":"http:\/\/conference-eutic.org\/?page_id=55"},"modified":"2020-02-12T14:42:59","modified_gmt":"2020-02-12T13:42:59","slug":"comites","status":"publish","type":"page","link":"https:\/\/conference-eutic.org\/en\/comites\/","title":{"rendered":"Committees 2018"},"content":{"rendered":"<p><img loading=\"lazy\" class=\"aligncenter size-full wp-image-242\" src=\"http:\/\/conference-eutic.org\/wp-content\/uploads\/2018\/03\/eutic-1-940x198.png\" alt=\"\" width=\"940\" height=\"198\" srcset=\"https:\/\/conference-eutic.org\/wp-content\/uploads\/2018\/03\/eutic-1-940x198.png 940w, https:\/\/conference-eutic.org\/wp-content\/uploads\/2018\/03\/eutic-1-940x198-300x63.png 300w, https:\/\/conference-eutic.org\/wp-content\/uploads\/2018\/03\/eutic-1-940x198-768x162.png 768w\" sizes=\"(max-width: 940px) 100vw, 940px\" \/><\/p>\n<p><strong>EUTIC NETWORK STEERING COMMITTEE<\/strong><\/p>\n<ul>\n<li>Lise VIEIRA, Universit\u00e9 Bordeaux- Montaigne &#8211; Coordination du r\u00e9seau (FRA)<\/li>\n<li>Serge AGOSTINELLI, Universit\u00e9 des Antilles (FRA)<\/li>\n<li>Noble AKAM, Universit\u00e9 Bordeaux- Montaigne (FRA)<\/li>\n<li>Didier BALTAZART, Universit\u00e9 de Reims (FRA)<\/li>\n<li>Carlos CORREIA, Universidade Nova de Lisboa (PRT)<\/li>\n<li>Raja FENNICHE DAOUAS, \u00a0Universit\u00e9 de la Manouba, Tunis (TUN)<\/li>\n<li>Dimitris GOUSCOS, Athens University (GRC)<\/li>\n<li>Claude LISHOU, Universit\u00e9 Cheick Anta Diop (SEN)<\/li>\n<li>Michael MEIMARIS, Athens University (GRC)<\/li>\n<li>Francisco Luis DOS SANTOS, Universidade Federal Rural de Pernambuco, (BRA)<\/li>\n<li>Ren\u00e9 PATESSON, Universit\u00e9 Libre de Bruxelles (BEL)<\/li>\n<li>Irene TOM\u00c9, Universidade Nova de Lisboa (PRT)<\/li>\n<\/ul>\n<p><strong>EUTIC 2018 SCIENTIFIC COMMITTEE<\/strong><\/p>\n<ul>\n<li>Serge AGOSTINELLI, Universit\u00e9 des Antilles (FRA)<\/li>\n<li>Noble AKAM, Universit\u00e9 Bordeaux- Montaigne (FRA)<\/li>\n<li>Isabel AL\u00c7ADA, Universidade Nova de Lisboa (PRT)<\/li>\n<li>Yves ARDOUREL, Universit\u00e9 Toulouse 2 (FRA)<\/li>\n<li>Didier BALTAZART, Universit\u00e9 de Reims (FRA)<\/li>\n<li>Daniel BONNET, Universit\u00e9 Jean Moulin (FRA)<\/li>\n<li>Isabelle CHOQUET, ICHEC Management School \u00e0 Bruxelles (BEL)<\/li>\n<li>Peter CAREW , Waterford Institute of Technology (IRL)<\/li>\n<li>Dimitris CHARITOS, Athens University (GRC)<\/li>\n<li>Carlos CORREIA, Universidade Nova de Lisboa (PRT)<\/li>\n<li>Juliana Regueira Basto DINIZ, Universidade Federal Rural de Pernambuco &#8211; Recife (BR)<\/li>\n<li>Ioannis DRAGONAS, Technological Educational Institute of Ionian Islands (GRC)<\/li>\n<li>Alain ESCADAFAL, Universit\u00e9 Bordeaux- Montaigne (FRA)<\/li>\n<li>Raja FENNICHE DAOUAS, \u00a0Universit\u00e9 de la Manouba, Tunis (TUN)<\/li>\n<li>Andreas GIANNAKOULOPOULOS, Ionian University (GRC)<\/li>\n<li>Dimitris GOUSCOS, Athens University (GRC)<\/li>\n<li>Jean Thierry JULIA, Universit\u00e9 de Touluse (FRA)<\/li>\n<li>Alain KIYINDOU, Universit\u00e9 Bordeaux- Montaigne (FRA)<\/li>\n<li>Claude LISHOU, Universit\u00e9 Cheick Anta Diop (SEN)<\/li>\n<li>Maria Cristina MATTEUCCI, Universit\u00e9 de Psychologie de Bologne ( IT)<\/li>\n<li>Michael MEIMARIS, Athens University (GRC)<\/li>\n<li>Vincent MEYER, Universit\u00e9 de Nice Sophia Antipolis( FRA)<\/li>\n<li>Costas MOURLAS, Athens University (GRC)<\/li>\n<li>Catherine PASCAL, Universit\u00e9 Bordeaux- Montaigne (FRA)<\/li>\n<li>Ren\u00e9 PATESSON, Universit\u00e9 Libre de Bruxelles (BEL)<\/li>\n<li>Marizete Silva SANTOS, Universidade Federal Rural de Pernambuco &#8211; Recife (BR)<\/li>\n<li>Pierre-Michel RICCIO Ecole des mines d\u2019Al\u00e8s (FRA)<\/li>\n<li>Soufiane ROUISSI, Universit\u00e9 Bordeaux- Montaigne (FRA)<\/li>\n<li>Annick SCHOTT, Universit\u00e9 Bordeaux- Montaigne (FRA)<\/li>\n<li>Francisco Luis DOS SANTOS, Universidade Federal Rural de Pernambuco, (BRA)<\/li>\n<li>Larry STAPPLETON, Waterford Institute of Technology (IRL)<\/li>\n<li>Carlo TOMASETTO, Universit\u00e9 de Psychologie de Bologne ( IT)<\/li>\n<li>Irene TOM\u00c9, Universidade Nova de Lisboa (PRT)<\/li>\n<li>Genevieve VIDAL, Universit\u00e9 Paris 13 ( FRA)<\/li>\n<li>Lise VIEIRA, Universit\u00e9 Bordeaux- Montaigne (FRA)<\/li>\n<\/ul>\n<p><strong>EUTIC 2018 ORGANISING COMMITTEE<\/strong><\/p>\n<p>Coordination Lise VIEIRA MICA-ICIN.<br \/>\nProfesseur Universit\u00e9 Bordeaux- Montaigne<\/p>\n<ul>\n<li>Noble AKAM<\/li>\n<li>Patrick BAUDRY<\/li>\n<li>Alain ESCADAFAL<\/li>\n<li>Catherine PASCAL<\/li>\n<li>Soufiane ROUISSI<\/li>\n<li>Annick SCHOTT<\/li>\n<\/ul>\n<p>&nbsp;<\/p>\n","protected":false},"excerpt":{"rendered":"<p>EUTIC NETWORK STEERING COMMITTEE Lise VIEIRA, Universit\u00e9 Bordeaux- Montaigne &#8211; Coordination du r\u00e9seau (FRA) Serge AGOSTINELLI, Universit\u00e9 des Antilles (FRA) Noble AKAM, Universit\u00e9 Bordeaux- Montaigne (FRA) Didier BALTAZART, Universit\u00e9 de Reims (FRA) Carlos CORREIA, Universidade Nova de Lisboa (PRT) Raja &hellip; <a href=\"https:\/\/conference-eutic.org\/en\/comites\/\">Continue reading <span class=\"meta-nav\">&rarr;<\/span><\/a><\/p>\n","protected":false},"author":1,"featured_media":0,"parent":0,"menu_order":0,"comment_status":"closed","ping_status":"closed","template":"","meta":[],"translation":{"provider":"WPGlobus","version":"2.8.11","language":"en","enabled_languages":["fr","en"],"languages":{"fr":{"title":true,"content":true,"excerpt":false},"en":{"title":true,"content":true,"excerpt":false}}},"_links":{"self":[{"href":"https:\/\/conference-eutic.org\/en\/wp-json\/wp\/v2\/pages\/55"}],"collection":[{"href":"https:\/\/conference-eutic.org\/en\/wp-json\/wp\/v2\/pages"}],"about":[{"href":"https:\/\/conference-eutic.org\/en\/wp-json\/wp\/v2\/types\/page"}],"author":[{"embeddable":true,"href":"https:\/\/conference-eutic.org\/en\/wp-json\/wp\/v2\/users\/1"}],"replies":[{"embeddable":true,"href":"https:\/\/conference-eutic.org\/en\/wp-json\/wp\/v2\/comments?post=55"}],"version-history":[{"count":11,"href":"https:\/\/conference-eutic.org\/en\/wp-json\/wp\/v2\/pages\/55\/revisions"}],"predecessor-version":[{"id":517,"href":"https:\/\/conference-eutic.org\/en\/wp-json\/wp\/v2\/pages\/55\/revisions\/517"}],"wp:attachment":[{"href":"https:\/\/conference-eutic.org\/en\/wp-json\/wp\/v2\/media?parent=55"}],"curies":[{"name":"wp","href":"https:\/\/api.w.org\/{rel}","templated":true}]}}