{"id":897,"date":"2023-03-09T15:19:44","date_gmt":"2023-03-09T14:19:44","guid":{"rendered":"http:\/\/conference-eutic.org\/?page_id=897"},"modified":"2023-10-31T12:42:45","modified_gmt":"2023-10-31T11:42:45","slug":"eutic-2023","status":"publish","type":"page","link":"https:\/\/conference-eutic.org\/en\/eutic-2023\/","title":{"rendered":"EUTIC 2023"},"content":{"rendered":"\n<p>Registration for the EUTIC 2023 international conference is now open on Sciences Conf <\/p>\n\n\n\n<div class=\"wp-container-1 wp-block-buttons\">\n<div class=\"wp-block-button\"><a class=\"wp-block-button__link\" href=\"http:\/\/conference-eutic.org\/wp-content\/uploads\/2023\/10\/Program-EUTIC23-GB-.pdf\">EUTIC 2023 Program<\/a><\/div>\n\n\n\n<div class=\"wp-block-button\"><a class=\"wp-block-button__link\" href=\"http:\/\/conference-eutic.org\/wp-content\/uploads\/2023\/10\/FINAL-Programme-EUTIC-2023.pdf\">EUTIC 2023 Program with abstracts<\/a><\/div>\n<\/div>\n\n\n\n<div class=\"wp-container-2 wp-block-buttons\">\n<div class=\"wp-block-button\"><a class=\"wp-block-button__link\" href=\"https:\/\/euticbx23.sciencesconf.org\">Register for the conference<\/a><\/div>\n\n\n\n<div class=\"wp-block-button\"><a class=\"wp-block-button__link\" href=\"https:\/\/framacarte.org\/fr\/map\/conference-eutic_165479#17\/44.79536\/-0.61962\">Conference venues<\/a><\/div>\n<\/div>\n\n\n\n<div class=\"wp-container-3 wp-block-buttons\">\n<div class=\"wp-block-button\"><a class=\"wp-block-button__link\" href=\"http:\/\/conference-eutic.org\/wp-content\/uploads\/2023\/07\/Transports-Ho\u0302tels-Eutic-2023.pdf\">Download the list of transport and hotels<\/a><\/div>\n\n\n\n<div class=\"wp-block-button\"><a class=\"wp-block-button__link\" href=\"http:\/\/conference-eutic.org\/wp-content\/uploads\/2023\/10\/GB-EUTIC-2023-stylesheet-1.doc\">Download style sheet<\/a><\/div>\n<\/div>\n\n\n\n<h2 class=\"has-text-align-center\">18<sup>th<\/sup> International Conference EUTIC 2023<\/h2>\n\n\n\n<p class=\"has-text-align-center\">Multidisciplinary Research Network on the Challenges and Uses of Information Communication Technologies<\/p>\n\n\n\n<p class=\"has-text-align-center\"><em><strong>DIGITAL HUMANISM AND SOCIAL SUSTAINABILITY<\/strong><\/em><\/p>\n\n\n\n<p class=\"has-text-align-center\">Universit\u00e9 Bordeaux Montaigne<br>MICA-ICIN<br>11-13 October 2023<\/p>\n\n\n\n<div class=\"wp-block-image\"><figure class=\"aligncenter\"><img loading=\"lazy\" width=\"510\" height=\"255\" src=\"http:\/\/conference-eutic.org\/wp-content\/uploads\/2023\/03\/EUTIC2023-logo.png\" alt=\"\" class=\"wp-image-993\" srcset=\"https:\/\/conference-eutic.org\/wp-content\/uploads\/2023\/03\/EUTIC2023-logo.png 510w, https:\/\/conference-eutic.org\/wp-content\/uploads\/2023\/03\/EUTIC2023-logo-300x150.png 300w\" sizes=\"(max-width: 510px) 100vw, 510px\" \/><\/figure><\/div>\n\n\n\n<p class=\"has-text-align-center\"><strong>Bordeaux 2023 International Conf\u00e9rence<\/strong><br>Location: Maison des Sciences de l\u2019Homme<\/p>\n\n\n\n<p class=\"has-text-align-center\"><strong>EUTIC Website<\/strong><br><a href=\"http:\/\/conference-eutic.org\/\"><strong>http:\/\/conference-eutic.org\/<\/strong><\/a><\/p>\n\n\n\n<figure class=\"wp-block-image size-full\"><img loading=\"lazy\" width=\"927\" height=\"241\" src=\"http:\/\/conference-eutic.org\/wp-content\/uploads\/2023\/03\/EUTIC2023-partenaires.png\" alt=\"\" class=\"wp-image-994\" srcset=\"https:\/\/conference-eutic.org\/wp-content\/uploads\/2023\/03\/EUTIC2023-partenaires.png 927w, https:\/\/conference-eutic.org\/wp-content\/uploads\/2023\/03\/EUTIC2023-partenaires-300x78.png 300w, https:\/\/conference-eutic.org\/wp-content\/uploads\/2023\/03\/EUTIC2023-partenaires-768x200.png 768w\" sizes=\"(max-width: 927px) 100vw, 927px\" \/><\/figure>\n\n\n\n<div class=\"wp-block-image\"><figure class=\"aligncenter size-thumbnail\"><img loading=\"lazy\" width=\"150\" height=\"150\" src=\"http:\/\/conference-eutic.org\/wp-content\/uploads\/2021\/09\/fondationmainguene-3-150x150.png\" alt=\"\" class=\"wp-image-696\"\/><\/figure><\/div>\n\n\n\n<p class=\"has-text-align-center\">With the support of the <a href=\"https:\/\/www.fondation-anthonymainguene.org\/\">Fondation Anthony Mainguen\u00e9<\/a><\/p>\n\n\n\n<div class=\"wp-block-media-text alignwide is-stacked-on-mobile\" style=\"grid-template-columns:22% auto\"><figure class=\"wp-block-media-text__media\"><img loading=\"lazy\" width=\"150\" height=\"150\" src=\"http:\/\/conference-eutic.org\/wp-content\/uploads\/2023\/03\/montaigne_23-150x150.jpg\" alt=\"\" class=\"wp-image-983 size-full\" srcset=\"https:\/\/conference-eutic.org\/wp-content\/uploads\/2023\/03\/montaigne_23-150x150.jpg 150w, https:\/\/conference-eutic.org\/wp-content\/uploads\/2023\/03\/montaigne_23-300x300.jpg 300w, https:\/\/conference-eutic.org\/wp-content\/uploads\/2023\/03\/montaigne_23.jpg 449w\" sizes=\"(max-width: 150px) 100vw, 150px\" \/><\/figure><div class=\"wp-block-media-text__content\">\n<p class=\"has-large-font-size\"><strong>Bordeaux 2023<\/strong><\/p>\n<\/div><\/div>\n\n\n\n<div class=\"wp-container-4 wp-block-buttons\">\n<div class=\"wp-block-button\"><a class=\"wp-block-button__link\" href=\"http:\/\/conference-eutic.org\/wp-content\/uploads\/2023\/03\/GB-APPEL-EUTIC2023-EN-copie.pdf\">Call for papers to download<\/a><\/div>\n<\/div>\n\n\n\n<p>The International Multidisciplinary Research Network on the Challenges and Uses of Information and Communication Technologies (EUTIC) has the pleasure to announce the 18<sup>th<\/sup> edition of its Annual EUTIC International Conference, which will be held on 11<sup>th<\/sup>-13<sup>th<\/sup> October 2018 in Bordeaux (France).<br>Organized by MICA- ICIN,Universit\u00e9 Bordeaux- Montaigne.<\/p>\n\n\n\n<p><strong>18<\/strong><sup><strong>th<\/strong><\/sup><strong> EUTIC <\/strong><strong>International Conference<\/strong><\/p>\n\n\n\n<p><em><strong>DIGITAL HUMANISM AND SOCIAL SUSTAINABILITY<\/strong><\/em><\/p>\n\n\n\n<p class=\"has-text-align-right\"><em>\u00ab Chaque homme porte la forme enti\u00e8re de l&#8217;humaine condition \u00bb.<\/em><br><em>Montaigne, Essais, livre III, 2<\/em><\/p>\n\n\n\n<p>Today, more than ever, digital technologies are the subject of intense debate due to their rapid development, whether in the public and professional domains or in everyday life. At the pace of incessant innovation, the nature and quality of equipments have evolved rapidly, profoundly changing people&#8217;s practices in just a few years.<\/p>\n\n\n\n<p>They promote speed, efficiency and performance, but they are not just tools, as their scope is broader. The amount of information conveyed, processed and transferred has increased exponentially, leading to transformations in terms of usage. Visibility on the networks has become a &#8220;proof&#8221; of both existence and the ability to be productive. Accessibility, connectivity, mobility and informational ubiquity via digital technologies are now the criteria for success in the world of work and economic and cultural activities.<\/p>\n\n\n\n<p>The fundamental question is that of the place of humans in these processes, in relation to the technologies they have created, in relation to their fellow human beings, and in relation to their surrounding universe. Amidst cutting-edge innovations linked to digital technology, should we see the announcement of an imminent enslavement to algorithms and robots of all kinds? What is the place of Humanism in this evolution? What is the meaning given by humans to digital activity in human work?<\/p>\n\n\n\n<p>EUTIC2023 is an opportunity to re-examine the changes that the development of digital technology has brought about in societies. It is a form of paradox: in order to ensure their own development, societies have included digital technologies in most of their activities, but at the same time this has led to profound changes in their way of working to the point of fearing their endangerment. For centuries, humans have been trying to surpass their technical performance. The risk is to lose control and be overwhelmed by the systems and objects humans have created, notably since the development of computers, networks and artificial intelligence.<\/p>\n\n\n\n<p>The epidemiological, climatic, political and ideological crises that we are currently experiencing serve as revelations and show the vital importance of returning to fundamental values in order to regain a balance in our relationships with the environment in which we live and with our fellow human beings in order to fully assume our humanity. Following Claude L\u00e9vi-Strauss (2011) who highlighted three forms of humanism, a fourth humanism is emerging, &#8216;digital humanism&#8217; (Doueihi 2012), advocating human and ethical values in a world undergoing profound change.<\/p>\n\n\n\n<p>The approach may seem difficult to those who consider that the digital world and humanism could be antagonistic or even irreconcilable. However, many ICT-based projects manage to put the human component and meaning back into the digital world or the use of digital technology for the benefit of humanity, while at the same time demonstrating their effectiveness: by encouraging the expression of opinions (citizen journalism, blogs, social networks, forums); by proposing an alternative approach to developing collaborative practices (Communs, third places, Fab-Labs); by encouraging autonomy, a sense of responsibility and initiative, as well as cooperation and solidarity (microblogs, syndication, participative and cooperative models). We are all aware that there is a flip side to the coin and that there is a permanent risk of abuse and misuse. It is of course important to ensure that all these actions are regulated.<\/p>\n\n\n\n<p>The concept of social sustainability encompasses concepts such as commitment, responsibility, cooperation and development, interchange, ethics, and human adaptation. It aims to meet the demands of justice and democracy. The sustainability principle is therefore committed to the survival of society itself, for the continuity of the relationships and fundamental notions that establish dimensions of individuals\u2019 lives in society. In times of crisis, it is clear that to be socially sustainable, developments must provide satisfactory material conditions, with provisions for health, education, and access to goods, so that everyone has a sense of security, dignity and belongingness to a community. All these elements are inseparable from the environmental resources needed to sustain life, health, and well-being (Dugarova, E., Utting, P., Cook, S., 2015).<\/p>\n\n\n\n<p>In each of its international conferences, the EUTIC network endeavours to propose themes that are fully in line with current events, aiming to mobilise the interdisciplinarity of specialists and the participation of speakers who are strongly involved in the field. The richness and diversity of the contributions will allow for the broadening of each person&#8217;s perspectives with a vision of broad-mindedness and international cooperation.<\/p>\n\n\n\n<p>Several areas will be covered in the presentations, workshops and round tables. This is a non-exhaustive list:<\/p>\n\n\n\n<ul><li>Humanism and digital uses in the territories<\/li><li>Social sustainability and environmental protection<\/li><li>Development of human potential and well-being at work<\/li><li>Digital uses for vulnerable populations<\/li><li>Governance, ethics and management of organisations<\/li><li>Social commitment, cooperation and volunteering<\/li><li>Remote or face-to-face work, the meaning of the activity in question.<\/li><li>Digital training and development dynamics<\/li><li>Socio-economic developments and collective intelligence<\/li><li>Interculturality and digital ecosystems<\/li><li>Connected objects, augmented reality, artificial intelligence and intelligence factory(s)<\/li><li>Learning systems in the 21st century<\/li><li>Ethics of resource outsourcing, cloud computing, open data, open archives<\/li><\/ul>\n\n\n\n<p>Two round tables with professionals and academics will be organised in the programme&nbsp;:<\/p>\n\n\n\n<ul><li><em>Humanism and self-reflection in the field of prisons<\/em> (Erasmus and Butterfly Programme)<\/li><li><em>Eco-civic engagement and environmental protection<\/em><\/li><\/ul>\n\n\n\n<p>The scientific committee will carefully verify that the theoretical and empirical contributions in the proposed papers are carefully presented in a rigorously established methodology. The plenary lectures, round tables and poster presentations will additionally offer a variety of approaches.<\/p>\n\n\n\n<p><strong>EUTIC CONFERENCES 2005-2022<\/strong><\/p>\n\n\n\n<p>The EUTIC network led by MICA-ICIN, University of Bordeaux-Montaigne, is the result of partnerships we have built in the framework of several international programmes. The different projects developed in the network focus on social and cultural issues of ICT (Information and Communication Technologies). The issues addressed are centred around social inclusion of citizens and equal opportunities for access to information and knowledge.<\/p>\n\n\n\n<figure class=\"wp-block-table\"><table><tbody><tr><td>I 22 -23 September 2005<\/td><td>Bordeaux (France)<\/td><td>Social and cultural aspects<\/td><\/tr><tr><td>II 13-15 September 2006<\/td><td>Brussels (Belgium)<\/td><td>Social and professional integration<\/td><\/tr><tr><td>III 7-10 November&nbsp;2007<\/td><td>Athens (Greece)<\/td><td>Media and information diffusion: towards an open society<\/td><\/tr><tr><td>IV 23-25 October&nbsp;2008<\/td><td>Lisbon (Portugal)<\/td><td>Development dynamics at the cross-roads of worlds<\/td><\/tr><tr><td>V 18-20 November 2009<\/td><td>Bordeaux (France)<\/td><td>Change strategies in systems and territories<\/td><\/tr><tr><td>VI 25-27 November 2010<br><\/td><td>Dakar (Senegal)<\/td><td>The digital at the heart of partnerships<\/td><\/tr><tr><td>VII 23-25 November 2011<\/td><td>Brussels (Belgium)<\/td><td>Transformation of organizations, evolution of agendas and functional mutations<\/td><\/tr><tr><td>VIII 17-19 October 2012<\/td><td>Metz (France)<br><\/td><td>Publics and media practices<\/td><\/tr><tr><td>IX 23-25 October 2013<br><\/td><td>Waterford (Ireland)<\/td><td>Engagement of publics and enterprises in a dynamic environment. The role of global networks<\/td><\/tr><tr><td>X 29-31 October 2014<\/td><td>Lisbon (Portugal)<\/td><td>The role of ICT in information and cognitive process design<\/td><\/tr><tr><td>XI 3-4 November 2015<br><\/td><td>Fort de France<\/td><td>Digital ecosystems and democratization of information<\/td><\/tr><tr><td>XII 15-17 September 2016<\/td><td>Zakynthos ( Greece)<\/td><td>Network logic and new forms of governance<br><\/td><\/tr><tr><td>XIII 18-20 October 2017<br><\/td><td>Recife (Brazil)<\/td><td>Digital cultures and knowledge crossing<\/td><\/tr><tr><td>XIV 17-19 October 2018<\/td><td>Bordeaux (France)<\/td><td>Adaptability, flexibility, agility of information systems<\/td><\/tr><tr><td>XV 16-18 October 2019<\/td><td>Dakar (Senegal)<\/td><td>Smart territories and learning societies<br><\/td><\/tr><tr><td>XVI 5-26 October 2021<\/td><td>Brussels (Belgium)<\/td><td>The challenges of the digital transition<\/td><\/tr><tr><td>XVII 13-15 October 2022<\/td><td>Corfou (Greece)<\/td><td>At the crossroads of art, science and technology: dialogues between humans and machines<\/td><\/tr><\/tbody><\/table><\/figure>\n\n\n\n<p><strong>SUBMISSIONS<\/strong><\/p>\n\n\n\n<p>Proposals will be made in English or French. Both oral and poster pre. They may be presented in the form of a paper or poster. Proposals should include the following:<\/p>\n\n\n\n<ul><li>Name of author, university, organisation, institution or company of affiliation, position held, email address, postal address, and a telephone number.<\/li><\/ul>\n\n\n\n<ul><li>Title of the paper, 5 key words, abstract of 5000 to 6000 characters presenting the subject of the contribution, the methodological framework, the corpus of data analysed, and the obtained or expected results.<\/li><\/ul>\n\n\n\n<p>Selected proposals will be subject to possible amendments or revisions requested by the scientific committee.<\/p>\n\n\n\n<p>All accepted papers will be published in the conference proceedings in digital format, if the author or one of the authors is registered and present at the conference.<br>To submit proposals, please contact the Organising Committee at the following address: <a href=\"mailto:reseau.eutic@gmail.com\">reseau.eutic@gmail.com<\/a><\/p>\n\n\n\n<p>Please mention in the subject line of the email: &#8220;EUTIC2023 paper proposal&#8221;.<\/p>\n\n\n\n<p><strong>The indications concerning the deposit of the texts will be specified on the site of the EUTIC network <\/strong><a href=\"http:\/\/conference-eutic.org\/\"><strong>http:\/\/conference-eutic.org<\/strong><\/a><strong>. Submission until May 31, 2023<\/strong><\/p>\n\n\n\n<p>The full text must be sent by September 15 at the latest, following the organisational procedures established and published on the Conference website.<\/p>\n\n\n\n<p>The final text for publication of the proceedings will not exceed 30,000 characters (including spaces) + bibliography. The document template can be downloaded from the conference website.<\/p>\n\n\n\n<p><strong>CONFERENCE VENUE:<\/strong>&nbsp;Universit\u00e9 Bordeaux Montaigne<\/p>\n\n\n\n<p><strong>WEBSITE CONFERENCE: <\/strong><a href=\"http:\/\/conference-eutic.org\/\"><strong>http:\/\/conference-eutic.org<\/strong><\/a><\/p>\n\n\n\n<p><strong>IMPORTANT DATES<\/strong><\/p>\n\n\n\n<figure class=\"wp-block-table\"><table><tbody><tr><td>Announcement of the call for papers<\/td><td>20 March 2023<\/td><\/tr><tr><td>Deadline for submission proposals<\/td><td><s>31 May<\/s> 30 June 2023<\/td><\/tr><tr><td>Author notifications<\/td><td><s>30 June<\/s> 12 July 2023<\/td><\/tr><tr><td>Deadline for conference and dinner registration<\/td><td>25 september 2023<\/td><\/tr><tr><td>Deadline for submission of full papers before the conf\u00e9rence<\/td><td>25 september 2023<\/td><\/tr><tr><td>Conference dates<\/td><td>11-13 october 2023<\/td><\/tr><tr><td>Deadline for submission of the final text&nbsp; befor publication<\/td><td>4 d\u00e9cember 2023<\/td><\/tr><\/tbody><\/table><\/figure>\n\n\n\n<p><strong>REGISTRATION- RATES<\/strong><\/p>\n\n\n\n<p><strong>Payment details<\/strong><\/p>\n\n\n\n<p>Only payments by online bank transfer can be accepted (Please check registration details on the conference website).<\/p>\n\n\n\n<figure class=\"wp-block-table\"><table><tbody><tr><td><strong>Registration Fees<\/strong><\/td><td>R<strong><strong>egistration rates (before September 25<sup>th)<\/sup><\/strong><\/strong><\/td><td><strong>Standard<\/strong><\/td><\/tr><tr><td>Academics and researchers (1st author)<\/td><td>200 \u20ac<\/td><td>250 \u20ac<\/td><\/tr><tr><td>Students\/Doctoral students\/communicating co-author<\/td><td>100 \u20ac<\/td><td>120 \u20ac<\/td><\/tr><tr><td>Non-university<\/td><td>270 \u20ac<\/td><td>320 \u20ac<\/td><\/tr><tr><td>Gala dinner<\/td><td>50 \u20ac<\/td><td>60 \u20ac<\/td><\/tr><\/tbody><\/table><\/figure>\n\n\n\n<p>Precisions :<\/p>\n\n\n\n<p>The price of&nbsp;<strong>200 euros&nbsp;<\/strong>concerns any teacher-researcher, whether&nbsp;&nbsp;unique author or first author.<\/p>\n\n\n\n<p>The price of&nbsp;<strong>100 euros<\/strong> concerns doctoral students and co-authors (2nd author, 3rd author etc.)&nbsp;<strong>attending the conference<\/strong>.<\/p>\n\n\n\n<p><strong>EUTIC NETWORK STEERING COMMITTEE:<\/strong>&nbsp;<\/p>\n\n\n\n<ul><li>Lise VIEIRA, Universit\u00e9 Bordeaux- Montaigne &#8211; Network Coordinator (FR)<\/li><li>Serge AGOSTINELLI, Universit\u00e9 des Antilles (FR)<\/li><\/ul>\n\n\n\n<ul><li>Noble AKAM, Universit\u00e9 Bordeaux- Montaigne (FR)<\/li><li>Didier BALTAZART, Universit\u00e9 de Reims (FR)<\/li><li>Carlos CORREIA, Universidade Nova de Lisboa (PT)<\/li><li>Rodrigo DE SOUZA, Universidade Federal Rural de Pernambuco, (BRA)<\/li><li>Raja FENNICHE DAOUAS, Universit\u00e9 de la Manouba, Tunis (TUN)<\/li><li>Andreas GIANNAKOULOPOULOS, Ionian University (GR)<\/li><li>Dimitris GOUSCOS, University of Athens (GR)<\/li><li>Claude LISHOU, Universit\u00e9 Cheick Anta Diop (SEN)<\/li><li>Michael MEIMARIS, University of Athens (GR)<\/li><li>Ren\u00e9 PATESSON, Universit\u00e9 Libre de Bruxelles (BEL)<\/li><li>Irene TOM\u00c9, Universidade Nova de Lisboa (PT)<\/li><\/ul>\n\n\n\n<p><strong>EUTIC 2023 SCIENTIFIC COMMITTEE:<\/strong>&nbsp;<\/p>\n\n\n\n<ul><li>Serge AGOSTINELLI, Universit\u00e9 des Antilles (FR)<\/li><li>Noble AKAM, Universit\u00e9 Bordeaux- Montaigne (FR)<\/li><li>Isabel AL\u00c7ADA, Universidade Nova de Lisboa (PT)<\/li><li>Jacques ARASZKIEWIEZ, Universit\u00e9 C\u00f4te d&#8217;Azur (FR)<\/li><li>Yves ARDOUREL, Universit\u00e9 Bordeaux- Montaigne (FR)<\/li><li>Sawsan ATALLAH BIDART Kedge Business School Bordeaux, (FR)<\/li><li>Didier BALTAZART, Universit\u00e9 de Reims (FR)<\/li><li>Roger BAUTIER, Universite\u0301 Paris 13 (FR)<\/li><li>Daniel BONNET, Universit\u00e9\u0301 Jean Moulin, Lyon (FR)<\/li><li>Peter CAREW, Waterford Institute of Technology (IRL)<\/li><li>Dimitris CHARITOS, University of Athens (GR)<\/li><li>Isabelle CHOQUET, ICHEC Management School \u00e0 Bruxelles (BEL)<\/li><li>Carlos CORREIA, Universidade Nova de Lisboa (PT)<\/li><li>Rodrigo DE SOUZA, Universidade Federal Rural de Pernambuco, (BRA)<\/li><li>Raja FENNICHE DAOUAS, Universit\u00e9 de la Manouba, Tunis (TUN)<\/li><li>Andreas GIANNAKOULOPOULOS, Ionian University (GR)<\/li><li>Mar\u00eda Lourdes GONZ\u00c1LEZ LUIS, Universidad de la Laguna (ES)<\/li><li>Dimitris GOUSCOS, University of Athens (GR)<\/li><li>Jean Thierry JULIA, Universit\u00e9 de Toulouse (FR)<\/li><li>Nikos&nbsp;KANELLOPOULOS, Ionian University (GR)<\/li><li>Alain KIYINDOU, Universit\u00e9 Bordeaux- Montaigne (FR)<\/li><li>Eric LACOMBE, Universit\u00e9 Bordeaux- Montaigne (FR)<\/li><li>Vincent LIQUETE, Universit\u00e9 Bordeaux- Montaigne (FR)<\/li><li>Claude LISHOU, Universit\u00e9 Cheick Anta Diop (SEN)<\/li><li>Maria Cristina MATTEUCCI, Universit\u00e9 de Psychologie de Bologne ( IT)<\/li><li>Michael MEIMARIS, University of Athens (GR)<\/li><li>Vincent MEYER, Universit\u00e9 C\u00f4te d&#8217;Azur ( FR)<\/li><li>Costas MOURLAS, University of Athens (GR)<\/li><li>Andreas MOUTSIOS-RENTZOS, University of Athens (GR)<\/li><li>Catherine PASCAL, Universit\u00e9 Bordeaux- Montaigne (FR)<\/li><li>Ren\u00e9 PATESSON, Universit\u00e9 Libre de Bruxelles (BEL)<\/li><li>Jos\u00e9 Alberto PINTO, Universidade de Tr\u00e1s-os-Montes e Alto Douro (PT)<\/li><li>Pierre-Michel RICCIO, Ecole des Mines d\u2019Al\u00e8s (FR)<\/li><li>Soufiane ROUISSI, Universit\u00e9 Bordeaux- Montaigne (FR)<\/li><li>Annick SCHOTT, Universit\u00e9\u0301 Bordeaux- Montaigne (FR)<\/li><li>Francisco Luis Dos SANTOS, Universidade Federal Rural de Pernambuco, (BRA)<\/li><li>Larry STAPPLETON, Waterford Institute of Technology (IRL)<\/li><li>Carlo TOMASETTO, Universit\u00e9 de Psychologie de Bologne ( IT)<\/li><li>Irene TOM\u00c9, Universidade Nova de Lisboa (PT)<\/li><li>Genevi\u00e8ve VIDAL, Universit\u00e9\u0301 Paris 13 (FR)<\/li><li>Julien VIEIRA, Universit\u00e9 Bordeaux (FR)<\/li><li>Lise VIEIRA, Universit\u00e9 Bordeaux- Montaigne (FR)<\/li><\/ul>\n\n\n\n<p><strong>EUTIC 2023 ORGANI<\/strong><strong>S<\/strong><strong>ING COMMITTEE<\/strong>&nbsp;<\/p>\n\n\n\n<p><strong>Organized by<\/strong> :  MICA-ICIN, Universit\u00e9 Bordeaux Montaigne<\/p>\n\n\n\n<p><strong>Members of <\/strong><strong>organizing committee<\/strong><\/p>\n\n\n\n<ul><li>Noble AKAM, Universit\u00e9 Bordeaux- Montaigne (FR)<\/li><li>Eric LACOMBE, Universit\u00e9 Bordeaux- Montaigne (FR)<\/li><li>Annick SCHOTT, Universit\u00e9\u0301 Bordeaux- Montaigne (FR)<\/li><li>Julien VIEIRA, Universit\u00e9 Bordeaux (FR)<\/li><li>Lise VIEIRA, Universit\u00e9 Bordeaux- Montaigne (FR)<\/li><\/ul>\n\n\n\n<p><strong>SCIENTIFIC PARTNERSHIP<\/strong><\/p>\n\n\n\n<p>Universities of EUTIC International Network&nbsp;: Athens University, Universidade Nova de Lisboa, Universit\u00e9 Libre de Bruxelles, Universit\u00e9 Cheick Anta Diop de Dakar, Universidade Federal rural Recife, Universit\u00e9 de la Manouba de Tunis, Universit\u00e9 des Antilles, Ionian University.<\/p>\n","protected":false},"excerpt":{"rendered":"<p>Registration for the EUTIC 2023 international conference is now open on Sciences Conf 18th International Conference EUTIC 2023 Multidisciplinary Research Network on the Challenges and Uses of Information Communication Technologies DIGITAL HUMANISM AND SOCIAL SUSTAINABILITY Universit\u00e9 Bordeaux MontaigneMICA-ICIN11-13 October 2023 &hellip; <a href=\"https:\/\/conference-eutic.org\/en\/eutic-2023\/\">Continue reading <span class=\"meta-nav\">&rarr;<\/span><\/a><\/p>\n","protected":false},"author":1,"featured_media":0,"parent":0,"menu_order":0,"comment_status":"closed","ping_status":"closed","template":"","meta":[],"translation":{"provider":"WPGlobus","version":"2.8.11","language":"en","enabled_languages":["fr","en"],"languages":{"fr":{"title":true,"content":true,"excerpt":false},"en":{"title":true,"content":true,"excerpt":false}}},"_links":{"self":[{"href":"https:\/\/conference-eutic.org\/en\/wp-json\/wp\/v2\/pages\/897"}],"collection":[{"href":"https:\/\/conference-eutic.org\/en\/wp-json\/wp\/v2\/pages"}],"about":[{"href":"https:\/\/conference-eutic.org\/en\/wp-json\/wp\/v2\/types\/page"}],"author":[{"embeddable":true,"href":"https:\/\/conference-eutic.org\/en\/wp-json\/wp\/v2\/users\/1"}],"replies":[{"embeddable":true,"href":"https:\/\/conference-eutic.org\/en\/wp-json\/wp\/v2\/comments?post=897"}],"version-history":[{"count":67,"href":"https:\/\/conference-eutic.org\/en\/wp-json\/wp\/v2\/pages\/897\/revisions"}],"predecessor-version":[{"id":1143,"href":"https:\/\/conference-eutic.org\/en\/wp-json\/wp\/v2\/pages\/897\/revisions\/1143"}],"wp:attachment":[{"href":"https:\/\/conference-eutic.org\/en\/wp-json\/wp\/v2\/media?parent=897"}],"curies":[{"name":"wp","href":"https:\/\/api.w.org\/{rel}","templated":true}]}}